{"id":3230,"date":"2022-09-22T16:41:20","date_gmt":"2022-09-22T16:41:20","guid":{"rendered":"https:\/\/nexusitc.dev\/?page_id=3230"},"modified":"2025-09-30T10:47:18","modified_gmt":"2025-09-30T16:47:18","slug":"verstehe-das-ausmas-sexuellen-kindesmissbrauchs","status":"publish","type":"page","link":"https:\/\/nexusitc.dev\/de\/verstehe-das-ausmas-sexuellen-kindesmissbrauchs\/","title":{"rendered":"Verstehe das Ausma\u00df sexuellen Kindesmissbrauchs"},"content":{"rendered":"<div id=\"cs-content\" class=\"cs-content\"><\/div>\n","protected":false},"excerpt":{"rendered":"<p>Saprea &gt; Verstehe das Ausma\u00df sexuellen KindesmissbrauchsFakten KennenVerstehe das Ausma\u00df sexuellen Kindesmissbrauchs\u00a0Eltern f\u00e4llt es vielleicht schwer, die M\u00f6glichkeit in Betracht zu ziehen, dass ihr Kind von sexuellem Missbrauch betroffen sein k\u00f6nnte, aber es ist wichtig, sich vor Augen zu f\u00fchren: Sexueller Missbrauch ist ein Thema, das nicht ignoriert werden darf.Fakten KennenVerstehe das Ausma\u00df sexuellen KindesmissbrauchsEltern [&hellip;]<\/p>\n","protected":false},"author":2,"featured_media":0,"parent":0,"menu_order":0,"comment_status":"closed","ping_status":"closed","template":"","meta":{"footnotes":""},"class_list":["post-3230","page","type-page","status-publish","hentry"],"yoast_head":"<!-- This site is optimized with the Yoast SEO plugin v26.8 - https:\/\/yoast.com\/product\/yoast-seo-wordpress\/ -->\n<title>Verstehe das Problem von sexuellem Kindesmissbrauch | Saprea<\/title>\n<meta name=\"description\" content=\"Sexueller Missbrauch von Kindern ist viel zu h\u00e4ufig. Erfahren Sie mehr \u00fcber die Definition, die wichtigsten Fakten und den Heilungsprozess.\" \/>\n<meta name=\"robots\" content=\"index, follow, max-snippet:-1, max-image-preview:large, max-video-preview:-1\" \/>\n<link rel=\"canonical\" href=\"https:\/\/nexusitc.dev\/de\/verstehe-das-ausmas-sexuellen-kindesmissbrauchs\/\" \/>\n<meta property=\"og:locale\" content=\"de_DE\" \/>\n<meta property=\"og:type\" content=\"article\" \/>\n<meta property=\"og:title\" content=\"Verstehe das Problem von sexuellem Kindesmissbrauch | Saprea\" \/>\n<meta property=\"og:description\" content=\"Sexueller Missbrauch von Kindern ist viel zu h\u00e4ufig. Erfahren Sie mehr \u00fcber die Definition, die wichtigsten Fakten und den Heilungsprozess.\" \/>\n<meta property=\"og:url\" content=\"https:\/\/nexusitc.dev\/de\/verstehe-das-ausmas-sexuellen-kindesmissbrauchs\/\" \/>\n<meta property=\"og:site_name\" content=\"Saprea\" \/>\n<meta property=\"article:publisher\" content=\"https:\/\/facebook.com\/saprea.org\" \/>\n<meta property=\"article:modified_time\" content=\"2025-09-30T16:47:18+00:00\" \/>\n<meta name=\"twitter:card\" content=\"summary_large_image\" \/>\n<meta name=\"twitter:site\" content=\"@saprea_org\" \/>\n<meta name=\"twitter:label1\" content=\"Gesch\u00e4tzte Lesezeit\" \/>\n\t<meta name=\"twitter:data1\" content=\"8\u00a0Minuten\" \/>\n<script type=\"application\/ld+json\" class=\"yoast-schema-graph\">{\"@context\":\"https:\/\/schema.org\",\"@graph\":[{\"@type\":\"WebPage\",\"@id\":\"https:\/\/nexusitc.dev\/de\/verstehe-das-ausmas-sexuellen-kindesmissbrauchs\/\",\"url\":\"https:\/\/nexusitc.dev\/de\/verstehe-das-ausmas-sexuellen-kindesmissbrauchs\/\",\"name\":\"Verstehe das Problem von sexuellem Kindesmissbrauch | Saprea\",\"isPartOf\":{\"@id\":\"https:\/\/nexusitc.dev\/de\/#website\"},\"datePublished\":\"2022-09-22T16:41:20+00:00\",\"dateModified\":\"2025-09-30T16:47:18+00:00\",\"description\":\"Sexueller Missbrauch von Kindern ist viel zu h\u00e4ufig. Erfahren Sie mehr \u00fcber die Definition, die wichtigsten Fakten und den Heilungsprozess.\",\"breadcrumb\":{\"@id\":\"https:\/\/nexusitc.dev\/de\/verstehe-das-ausmas-sexuellen-kindesmissbrauchs\/#breadcrumb\"},\"inLanguage\":\"de\",\"potentialAction\":[{\"@type\":\"ReadAction\",\"target\":[\"https:\/\/nexusitc.dev\/de\/verstehe-das-ausmas-sexuellen-kindesmissbrauchs\/\"]}]},{\"@type\":\"BreadcrumbList\",\"@id\":\"https:\/\/nexusitc.dev\/de\/verstehe-das-ausmas-sexuellen-kindesmissbrauchs\/#breadcrumb\",\"itemListElement\":[{\"@type\":\"ListItem\",\"position\":1,\"name\":\"Home\",\"item\":\"https:\/\/nexusitc.dev\/de\/saprea-homepage\/\"},{\"@type\":\"ListItem\",\"position\":2,\"name\":\"Verstehe das Ausma\u00df sexuellen Kindesmissbrauchs\"}]},{\"@type\":\"WebSite\",\"@id\":\"https:\/\/nexusitc.dev\/de\/#website\",\"url\":\"https:\/\/nexusitc.dev\/de\/\",\"name\":\"Saprea\",\"description\":\"\",\"publisher\":{\"@id\":\"https:\/\/nexusitc.dev\/de\/#organization\"},\"potentialAction\":[{\"@type\":\"SearchAction\",\"target\":{\"@type\":\"EntryPoint\",\"urlTemplate\":\"https:\/\/nexusitc.dev\/de\/?s={search_term_string}\"},\"query-input\":{\"@type\":\"PropertyValueSpecification\",\"valueRequired\":true,\"valueName\":\"search_term_string\"}}],\"inLanguage\":\"de\"},{\"@type\":\"Organization\",\"@id\":\"https:\/\/nexusitc.dev\/de\/#organization\",\"name\":\"Saprea\",\"url\":\"https:\/\/nexusitc.dev\/de\/\",\"logo\":{\"@type\":\"ImageObject\",\"inLanguage\":\"de\",\"@id\":\"https:\/\/nexusitc.dev\/de\/#\/schema\/logo\/image\/\",\"url\":\"https:\/\/nexusitc.dev\/wp-content\/uploads\/2021\/12\/Vector-7-1.png\",\"contentUrl\":\"https:\/\/nexusitc.dev\/wp-content\/uploads\/2021\/12\/Vector-7-1.png\",\"width\":106,\"height\":105,\"caption\":\"Saprea\"},\"image\":{\"@id\":\"https:\/\/nexusitc.dev\/de\/#\/schema\/logo\/image\/\"},\"sameAs\":[\"https:\/\/facebook.com\/saprea.org\",\"https:\/\/x.com\/saprea_org\",\"https:\/\/instagram.com\/youniquefoundation\",\"https:\/\/pinterest.com\/saprea_org\",\"https:\/\/youtube.com\/c\/saprea_org\"]}]}<\/script>\n<!-- \/ Yoast SEO plugin. -->","yoast_head_json":{"title":"Verstehe das Problem von sexuellem Kindesmissbrauch | Saprea","description":"Sexueller Missbrauch von Kindern ist viel zu h\u00e4ufig. Erfahren Sie mehr \u00fcber die Definition, die wichtigsten Fakten und den Heilungsprozess.","robots":{"index":"index","follow":"follow","max-snippet":"max-snippet:-1","max-image-preview":"max-image-preview:large","max-video-preview":"max-video-preview:-1"},"canonical":"https:\/\/nexusitc.dev\/de\/verstehe-das-ausmas-sexuellen-kindesmissbrauchs\/","og_locale":"de_DE","og_type":"article","og_title":"Verstehe das Problem von sexuellem Kindesmissbrauch | Saprea","og_description":"Sexueller Missbrauch von Kindern ist viel zu h\u00e4ufig. Erfahren Sie mehr \u00fcber die Definition, die wichtigsten Fakten und den Heilungsprozess.","og_url":"https:\/\/nexusitc.dev\/de\/verstehe-das-ausmas-sexuellen-kindesmissbrauchs\/","og_site_name":"Saprea","article_publisher":"https:\/\/facebook.com\/saprea.org","article_modified_time":"2025-09-30T16:47:18+00:00","twitter_card":"summary_large_image","twitter_site":"@saprea_org","twitter_misc":{"Gesch\u00e4tzte Lesezeit":"8\u00a0Minuten"},"schema":{"@context":"https:\/\/schema.org","@graph":[{"@type":"WebPage","@id":"https:\/\/nexusitc.dev\/de\/verstehe-das-ausmas-sexuellen-kindesmissbrauchs\/","url":"https:\/\/nexusitc.dev\/de\/verstehe-das-ausmas-sexuellen-kindesmissbrauchs\/","name":"Verstehe das Problem von sexuellem Kindesmissbrauch | Saprea","isPartOf":{"@id":"https:\/\/nexusitc.dev\/de\/#website"},"datePublished":"2022-09-22T16:41:20+00:00","dateModified":"2025-09-30T16:47:18+00:00","description":"Sexueller Missbrauch von Kindern ist viel zu h\u00e4ufig. Erfahren Sie mehr \u00fcber die Definition, die wichtigsten Fakten und den Heilungsprozess.","breadcrumb":{"@id":"https:\/\/nexusitc.dev\/de\/verstehe-das-ausmas-sexuellen-kindesmissbrauchs\/#breadcrumb"},"inLanguage":"de","potentialAction":[{"@type":"ReadAction","target":["https:\/\/nexusitc.dev\/de\/verstehe-das-ausmas-sexuellen-kindesmissbrauchs\/"]}]},{"@type":"BreadcrumbList","@id":"https:\/\/nexusitc.dev\/de\/verstehe-das-ausmas-sexuellen-kindesmissbrauchs\/#breadcrumb","itemListElement":[{"@type":"ListItem","position":1,"name":"Home","item":"https:\/\/nexusitc.dev\/de\/saprea-homepage\/"},{"@type":"ListItem","position":2,"name":"Verstehe das Ausma\u00df sexuellen Kindesmissbrauchs"}]},{"@type":"WebSite","@id":"https:\/\/nexusitc.dev\/de\/#website","url":"https:\/\/nexusitc.dev\/de\/","name":"Saprea","description":"","publisher":{"@id":"https:\/\/nexusitc.dev\/de\/#organization"},"potentialAction":[{"@type":"SearchAction","target":{"@type":"EntryPoint","urlTemplate":"https:\/\/nexusitc.dev\/de\/?s={search_term_string}"},"query-input":{"@type":"PropertyValueSpecification","valueRequired":true,"valueName":"search_term_string"}}],"inLanguage":"de"},{"@type":"Organization","@id":"https:\/\/nexusitc.dev\/de\/#organization","name":"Saprea","url":"https:\/\/nexusitc.dev\/de\/","logo":{"@type":"ImageObject","inLanguage":"de","@id":"https:\/\/nexusitc.dev\/de\/#\/schema\/logo\/image\/","url":"https:\/\/nexusitc.dev\/wp-content\/uploads\/2021\/12\/Vector-7-1.png","contentUrl":"https:\/\/nexusitc.dev\/wp-content\/uploads\/2021\/12\/Vector-7-1.png","width":106,"height":105,"caption":"Saprea"},"image":{"@id":"https:\/\/nexusitc.dev\/de\/#\/schema\/logo\/image\/"},"sameAs":["https:\/\/facebook.com\/saprea.org","https:\/\/x.com\/saprea_org","https:\/\/instagram.com\/youniquefoundation","https:\/\/pinterest.com\/saprea_org","https:\/\/youtube.com\/c\/saprea_org"]}]}},"_links":{"self":[{"href":"https:\/\/nexusitc.dev\/de\/wp-json\/wp\/v2\/pages\/3230","targetHints":{"allow":["GET"]}}],"collection":[{"href":"https:\/\/nexusitc.dev\/de\/wp-json\/wp\/v2\/pages"}],"about":[{"href":"https:\/\/nexusitc.dev\/de\/wp-json\/wp\/v2\/types\/page"}],"author":[{"embeddable":true,"href":"https:\/\/nexusitc.dev\/de\/wp-json\/wp\/v2\/users\/2"}],"replies":[{"embeddable":true,"href":"https:\/\/nexusitc.dev\/de\/wp-json\/wp\/v2\/comments?post=3230"}],"version-history":[{"count":0,"href":"https:\/\/nexusitc.dev\/de\/wp-json\/wp\/v2\/pages\/3230\/revisions"}],"wp:attachment":[{"href":"https:\/\/nexusitc.dev\/de\/wp-json\/wp\/v2\/media?parent=3230"}],"curies":[{"name":"wp","href":"https:\/\/api.w.org\/{rel}","templated":true}]}}