{"id":4329,"date":"2022-09-21T20:24:16","date_gmt":"2022-09-21T20:24:16","guid":{"rendered":"http:\/\/54.188.8.157\/spenden-sie-in-den-sozialen-medien-an-saprea\/"},"modified":"2022-11-14T18:55:21","modified_gmt":"2022-11-14T18:55:21","slug":"social-media-spenden","status":"publish","type":"page","link":"https:\/\/nexusitc.dev\/de\/wege-zu-geben\/social-media-spenden\/","title":{"rendered":"Spenden Sie in den sozialen Medien an Saprea"},"content":{"rendered":"<div id=\"cs-content\" class=\"cs-content\"><\/div>\n","protected":false},"excerpt":{"rendered":"<p>&Uuml;ber die sozialen Medien spendenKleine Spenden haben eine enorme Auswirkung, wenn du &uuml;ber die sozialen Medien spendest. Wenn du auf einer sozialen Plattform spendest, sendest du nicht nur eine starke Aussage an deine Freunde, wie wichtig der Kampf gegen sexuellen Missbrauch ist, sondern du tr&auml;gst auch entscheidend dazu bei, dass unsere Dienstleistungen f&uuml;r Betroffene weiterhin [&hellip;]<\/p>\n","protected":false},"author":2,"featured_media":0,"parent":4320,"menu_order":0,"comment_status":"closed","ping_status":"closed","template":"","meta":{"footnotes":""},"class_list":["post-4329","page","type-page","status-publish","hentry"],"yoast_head":"<!-- This site is optimized with the Yoast SEO plugin v26.8 - https:\/\/yoast.com\/product\/yoast-seo-wordpress\/ -->\n<title>Spende \u00fcber soziale Medien an Saprea<\/title>\n<meta name=\"description\" content=\"Spende \u00fcber soziale Medien an Saprea. Spende f\u00fcr uns \u00fcber Facebook, Instagram, Twitch, YouTube und Tiltify.\" \/>\n<meta name=\"robots\" content=\"index, follow, max-snippet:-1, max-image-preview:large, max-video-preview:-1\" \/>\n<link rel=\"canonical\" href=\"https:\/\/nexusitc.dev\/de\/wege-zu-geben\/social-media-spenden\/\" \/>\n<meta property=\"og:locale\" content=\"de_DE\" \/>\n<meta property=\"og:type\" content=\"article\" \/>\n<meta property=\"og:title\" content=\"Spende \u00fcber soziale Medien an Saprea\" \/>\n<meta property=\"og:description\" content=\"Spende \u00fcber soziale Medien an Saprea. Spende f\u00fcr uns \u00fcber Facebook, Instagram, Twitch, YouTube und Tiltify.\" \/>\n<meta property=\"og:url\" content=\"https:\/\/nexusitc.dev\/de\/wege-zu-geben\/social-media-spenden\/\" \/>\n<meta property=\"og:site_name\" content=\"Saprea\" \/>\n<meta property=\"article:publisher\" content=\"https:\/\/facebook.com\/saprea.org\" \/>\n<meta property=\"article:modified_time\" content=\"2022-11-14T18:55:21+00:00\" \/>\n<meta name=\"twitter:card\" content=\"summary_large_image\" \/>\n<meta name=\"twitter:site\" content=\"@saprea_org\" \/>\n<meta name=\"twitter:label1\" content=\"Gesch\u00e4tzte Lesezeit\" \/>\n\t<meta name=\"twitter:data1\" content=\"8\u00a0Minuten\" \/>\n<script type=\"application\/ld+json\" class=\"yoast-schema-graph\">{\"@context\":\"https:\/\/schema.org\",\"@graph\":[{\"@type\":\"WebPage\",\"@id\":\"https:\/\/nexusitc.dev\/de\/wege-zu-geben\/social-media-spenden\/\",\"url\":\"https:\/\/nexusitc.dev\/de\/wege-zu-geben\/social-media-spenden\/\",\"name\":\"Spende \u00fcber soziale Medien an Saprea\",\"isPartOf\":{\"@id\":\"https:\/\/nexusitc.dev\/de\/#website\"},\"datePublished\":\"2022-09-21T20:24:16+00:00\",\"dateModified\":\"2022-11-14T18:55:21+00:00\",\"description\":\"Spende \u00fcber soziale Medien an Saprea. Spende f\u00fcr uns \u00fcber Facebook, Instagram, Twitch, YouTube und Tiltify.\",\"breadcrumb\":{\"@id\":\"https:\/\/nexusitc.dev\/de\/wege-zu-geben\/social-media-spenden\/#breadcrumb\"},\"inLanguage\":\"de\",\"potentialAction\":[{\"@type\":\"ReadAction\",\"target\":[\"https:\/\/nexusitc.dev\/de\/wege-zu-geben\/social-media-spenden\/\"]}]},{\"@type\":\"BreadcrumbList\",\"@id\":\"https:\/\/nexusitc.dev\/de\/wege-zu-geben\/social-media-spenden\/#breadcrumb\",\"itemListElement\":[{\"@type\":\"ListItem\",\"position\":1,\"name\":\"Home\",\"item\":\"https:\/\/nexusitc.dev\/de\/saprea-homepage\/\"},{\"@type\":\"ListItem\",\"position\":2,\"name\":\"Wege zu geben\",\"item\":\"https:\/\/nexusitc.dev\/de\/wege-zu-geben\/\"},{\"@type\":\"ListItem\",\"position\":3,\"name\":\"Spenden Sie in den sozialen Medien an Saprea\"}]},{\"@type\":\"WebSite\",\"@id\":\"https:\/\/nexusitc.dev\/de\/#website\",\"url\":\"https:\/\/nexusitc.dev\/de\/\",\"name\":\"Saprea\",\"description\":\"\",\"publisher\":{\"@id\":\"https:\/\/nexusitc.dev\/de\/#organization\"},\"potentialAction\":[{\"@type\":\"SearchAction\",\"target\":{\"@type\":\"EntryPoint\",\"urlTemplate\":\"https:\/\/nexusitc.dev\/de\/?s={search_term_string}\"},\"query-input\":{\"@type\":\"PropertyValueSpecification\",\"valueRequired\":true,\"valueName\":\"search_term_string\"}}],\"inLanguage\":\"de\"},{\"@type\":\"Organization\",\"@id\":\"https:\/\/nexusitc.dev\/de\/#organization\",\"name\":\"Saprea\",\"url\":\"https:\/\/nexusitc.dev\/de\/\",\"logo\":{\"@type\":\"ImageObject\",\"inLanguage\":\"de\",\"@id\":\"https:\/\/nexusitc.dev\/de\/#\/schema\/logo\/image\/\",\"url\":\"https:\/\/nexusitc.dev\/wp-content\/uploads\/2021\/12\/Vector-7-1.png\",\"contentUrl\":\"https:\/\/nexusitc.dev\/wp-content\/uploads\/2021\/12\/Vector-7-1.png\",\"width\":106,\"height\":105,\"caption\":\"Saprea\"},\"image\":{\"@id\":\"https:\/\/nexusitc.dev\/de\/#\/schema\/logo\/image\/\"},\"sameAs\":[\"https:\/\/facebook.com\/saprea.org\",\"https:\/\/x.com\/saprea_org\",\"https:\/\/instagram.com\/youniquefoundation\",\"https:\/\/pinterest.com\/saprea_org\",\"https:\/\/youtube.com\/c\/saprea_org\"]}]}<\/script>\n<!-- \/ Yoast SEO plugin. -->","yoast_head_json":{"title":"Spende \u00fcber soziale Medien an Saprea","description":"Spende \u00fcber soziale Medien an Saprea. Spende f\u00fcr uns \u00fcber Facebook, Instagram, Twitch, YouTube und Tiltify.","robots":{"index":"index","follow":"follow","max-snippet":"max-snippet:-1","max-image-preview":"max-image-preview:large","max-video-preview":"max-video-preview:-1"},"canonical":"https:\/\/nexusitc.dev\/de\/wege-zu-geben\/social-media-spenden\/","og_locale":"de_DE","og_type":"article","og_title":"Spende \u00fcber soziale Medien an Saprea","og_description":"Spende \u00fcber soziale Medien an Saprea. Spende f\u00fcr uns \u00fcber Facebook, Instagram, Twitch, YouTube und Tiltify.","og_url":"https:\/\/nexusitc.dev\/de\/wege-zu-geben\/social-media-spenden\/","og_site_name":"Saprea","article_publisher":"https:\/\/facebook.com\/saprea.org","article_modified_time":"2022-11-14T18:55:21+00:00","twitter_card":"summary_large_image","twitter_site":"@saprea_org","twitter_misc":{"Gesch\u00e4tzte Lesezeit":"8\u00a0Minuten"},"schema":{"@context":"https:\/\/schema.org","@graph":[{"@type":"WebPage","@id":"https:\/\/nexusitc.dev\/de\/wege-zu-geben\/social-media-spenden\/","url":"https:\/\/nexusitc.dev\/de\/wege-zu-geben\/social-media-spenden\/","name":"Spende \u00fcber soziale Medien an Saprea","isPartOf":{"@id":"https:\/\/nexusitc.dev\/de\/#website"},"datePublished":"2022-09-21T20:24:16+00:00","dateModified":"2022-11-14T18:55:21+00:00","description":"Spende \u00fcber soziale Medien an Saprea. Spende f\u00fcr uns \u00fcber Facebook, Instagram, Twitch, YouTube und Tiltify.","breadcrumb":{"@id":"https:\/\/nexusitc.dev\/de\/wege-zu-geben\/social-media-spenden\/#breadcrumb"},"inLanguage":"de","potentialAction":[{"@type":"ReadAction","target":["https:\/\/nexusitc.dev\/de\/wege-zu-geben\/social-media-spenden\/"]}]},{"@type":"BreadcrumbList","@id":"https:\/\/nexusitc.dev\/de\/wege-zu-geben\/social-media-spenden\/#breadcrumb","itemListElement":[{"@type":"ListItem","position":1,"name":"Home","item":"https:\/\/nexusitc.dev\/de\/saprea-homepage\/"},{"@type":"ListItem","position":2,"name":"Wege zu geben","item":"https:\/\/nexusitc.dev\/de\/wege-zu-geben\/"},{"@type":"ListItem","position":3,"name":"Spenden Sie in den sozialen Medien an Saprea"}]},{"@type":"WebSite","@id":"https:\/\/nexusitc.dev\/de\/#website","url":"https:\/\/nexusitc.dev\/de\/","name":"Saprea","description":"","publisher":{"@id":"https:\/\/nexusitc.dev\/de\/#organization"},"potentialAction":[{"@type":"SearchAction","target":{"@type":"EntryPoint","urlTemplate":"https:\/\/nexusitc.dev\/de\/?s={search_term_string}"},"query-input":{"@type":"PropertyValueSpecification","valueRequired":true,"valueName":"search_term_string"}}],"inLanguage":"de"},{"@type":"Organization","@id":"https:\/\/nexusitc.dev\/de\/#organization","name":"Saprea","url":"https:\/\/nexusitc.dev\/de\/","logo":{"@type":"ImageObject","inLanguage":"de","@id":"https:\/\/nexusitc.dev\/de\/#\/schema\/logo\/image\/","url":"https:\/\/nexusitc.dev\/wp-content\/uploads\/2021\/12\/Vector-7-1.png","contentUrl":"https:\/\/nexusitc.dev\/wp-content\/uploads\/2021\/12\/Vector-7-1.png","width":106,"height":105,"caption":"Saprea"},"image":{"@id":"https:\/\/nexusitc.dev\/de\/#\/schema\/logo\/image\/"},"sameAs":["https:\/\/facebook.com\/saprea.org","https:\/\/x.com\/saprea_org","https:\/\/instagram.com\/youniquefoundation","https:\/\/pinterest.com\/saprea_org","https:\/\/youtube.com\/c\/saprea_org"]}]}},"_links":{"self":[{"href":"https:\/\/nexusitc.dev\/de\/wp-json\/wp\/v2\/pages\/4329","targetHints":{"allow":["GET"]}}],"collection":[{"href":"https:\/\/nexusitc.dev\/de\/wp-json\/wp\/v2\/pages"}],"about":[{"href":"https:\/\/nexusitc.dev\/de\/wp-json\/wp\/v2\/types\/page"}],"author":[{"embeddable":true,"href":"https:\/\/nexusitc.dev\/de\/wp-json\/wp\/v2\/users\/2"}],"replies":[{"embeddable":true,"href":"https:\/\/nexusitc.dev\/de\/wp-json\/wp\/v2\/comments?post=4329"}],"version-history":[{"count":0,"href":"https:\/\/nexusitc.dev\/de\/wp-json\/wp\/v2\/pages\/4329\/revisions"}],"up":[{"embeddable":true,"href":"https:\/\/nexusitc.dev\/de\/wp-json\/wp\/v2\/pages\/4320"}],"wp:attachment":[{"href":"https:\/\/nexusitc.dev\/de\/wp-json\/wp\/v2\/media?parent=4329"}],"curies":[{"name":"wp","href":"https:\/\/api.w.org\/{rel}","templated":true}]}}