{"id":5486,"date":"2022-09-15T20:47:25","date_gmt":"2022-09-15T20:47:25","guid":{"rendered":"http:\/\/54.188.8.157\/news\/"},"modified":"2024-04-11T13:38:30","modified_gmt":"2024-04-11T19:38:30","slug":"news","status":"publish","type":"page","link":"https:\/\/nexusitc.dev\/de\/news\/","title":{"rendered":"Presseportal"},"content":{"rendered":"<div id=\"cs-content\" class=\"cs-content\"><\/div>\n","protected":false},"excerpt":{"rendered":"<p>Presseportal07\/07\/2025Saprea feiert 10 Jahre Heilung, Pr\u00e4vention und Aufkl\u00e4rungIn diesem Jahr feiert Saprea stolz 10 Jahre Engagement und Einsatz im Kampf gegen sexuellen Kindesmissbrauch und dessen bleibende Auswirkungen. Seit wir am 22. Juni 2015 die ersten Betroffenen zu unserem ersten Retreat begr\u00fc\u00dfen durften, hat Saprea \u00fcber 6.000 Menschen durch unsere transformativen Retreats gest\u00e4rkt und gleichzeitig unsere [&hellip;]<\/p>\n","protected":false},"author":2,"featured_media":0,"parent":0,"menu_order":0,"comment_status":"closed","ping_status":"closed","template":"","meta":{"footnotes":""},"class_list":["post-5486","page","type-page","status-publish","hentry"],"yoast_head":"<!-- This site is optimized with the Yoast SEO plugin v26.8 - https:\/\/yoast.com\/product\/yoast-seo-wordpress\/ -->\n<title>Presseportal | Saprea<\/title>\n<meta name=\"description\" content=\"Im Saprea-Presseportal findest du einen Leitartikel, alle unsere Nachrichtenartikel und Zugang zu unseren Medienressourcen.\" \/>\n<meta name=\"robots\" content=\"index, follow, max-snippet:-1, max-image-preview:large, max-video-preview:-1\" \/>\n<link rel=\"canonical\" href=\"https:\/\/nexusitc.dev\/de\/news\/\" \/>\n<meta property=\"og:locale\" content=\"de_DE\" \/>\n<meta property=\"og:type\" content=\"article\" \/>\n<meta property=\"og:title\" content=\"Presseportal | Saprea\" \/>\n<meta property=\"og:description\" content=\"Im Saprea-Presseportal findest du einen Leitartikel, alle unsere Nachrichtenartikel und Zugang zu unseren Medienressourcen.\" \/>\n<meta property=\"og:url\" content=\"https:\/\/nexusitc.dev\/de\/news\/\" \/>\n<meta property=\"og:site_name\" content=\"Saprea\" \/>\n<meta property=\"article:publisher\" content=\"https:\/\/facebook.com\/saprea.org\" \/>\n<meta property=\"article:modified_time\" content=\"2024-04-11T19:38:30+00:00\" \/>\n<meta name=\"twitter:card\" content=\"summary_large_image\" \/>\n<meta name=\"twitter:site\" content=\"@saprea_org\" \/>\n<meta name=\"twitter:label1\" content=\"Gesch\u00e4tzte Lesezeit\" \/>\n\t<meta name=\"twitter:data1\" content=\"1\u00a0Minute\" \/>\n<script type=\"application\/ld+json\" class=\"yoast-schema-graph\">{\"@context\":\"https:\/\/schema.org\",\"@graph\":[{\"@type\":\"WebPage\",\"@id\":\"https:\/\/nexusitc.dev\/de\/news\/\",\"url\":\"https:\/\/nexusitc.dev\/de\/news\/\",\"name\":\"Presseportal | Saprea\",\"isPartOf\":{\"@id\":\"https:\/\/nexusitc.dev\/de\/#website\"},\"datePublished\":\"2022-09-15T20:47:25+00:00\",\"dateModified\":\"2024-04-11T19:38:30+00:00\",\"description\":\"Im Saprea-Presseportal findest du einen Leitartikel, alle unsere Nachrichtenartikel und Zugang zu unseren Medienressourcen.\",\"breadcrumb\":{\"@id\":\"https:\/\/nexusitc.dev\/de\/news\/#breadcrumb\"},\"inLanguage\":\"de\",\"potentialAction\":[{\"@type\":\"ReadAction\",\"target\":[\"https:\/\/nexusitc.dev\/de\/news\/\"]}]},{\"@type\":\"BreadcrumbList\",\"@id\":\"https:\/\/nexusitc.dev\/de\/news\/#breadcrumb\",\"itemListElement\":[{\"@type\":\"ListItem\",\"position\":1,\"name\":\"Home\",\"item\":\"https:\/\/nexusitc.dev\/de\/saprea-homepage\/\"},{\"@type\":\"ListItem\",\"position\":2,\"name\":\"Presseportal\"}]},{\"@type\":\"WebSite\",\"@id\":\"https:\/\/nexusitc.dev\/de\/#website\",\"url\":\"https:\/\/nexusitc.dev\/de\/\",\"name\":\"Saprea\",\"description\":\"\",\"publisher\":{\"@id\":\"https:\/\/nexusitc.dev\/de\/#organization\"},\"potentialAction\":[{\"@type\":\"SearchAction\",\"target\":{\"@type\":\"EntryPoint\",\"urlTemplate\":\"https:\/\/nexusitc.dev\/de\/?s={search_term_string}\"},\"query-input\":{\"@type\":\"PropertyValueSpecification\",\"valueRequired\":true,\"valueName\":\"search_term_string\"}}],\"inLanguage\":\"de\"},{\"@type\":\"Organization\",\"@id\":\"https:\/\/nexusitc.dev\/de\/#organization\",\"name\":\"Saprea\",\"url\":\"https:\/\/nexusitc.dev\/de\/\",\"logo\":{\"@type\":\"ImageObject\",\"inLanguage\":\"de\",\"@id\":\"https:\/\/nexusitc.dev\/de\/#\/schema\/logo\/image\/\",\"url\":\"https:\/\/nexusitc.dev\/wp-content\/uploads\/2021\/12\/Vector-7-1.png\",\"contentUrl\":\"https:\/\/nexusitc.dev\/wp-content\/uploads\/2021\/12\/Vector-7-1.png\",\"width\":106,\"height\":105,\"caption\":\"Saprea\"},\"image\":{\"@id\":\"https:\/\/nexusitc.dev\/de\/#\/schema\/logo\/image\/\"},\"sameAs\":[\"https:\/\/facebook.com\/saprea.org\",\"https:\/\/x.com\/saprea_org\",\"https:\/\/instagram.com\/youniquefoundation\",\"https:\/\/pinterest.com\/saprea_org\",\"https:\/\/youtube.com\/c\/saprea_org\"]}]}<\/script>\n<!-- \/ Yoast SEO plugin. -->","yoast_head_json":{"title":"Presseportal | Saprea","description":"Im Saprea-Presseportal findest du einen Leitartikel, alle unsere Nachrichtenartikel und Zugang zu unseren Medienressourcen.","robots":{"index":"index","follow":"follow","max-snippet":"max-snippet:-1","max-image-preview":"max-image-preview:large","max-video-preview":"max-video-preview:-1"},"canonical":"https:\/\/nexusitc.dev\/de\/news\/","og_locale":"de_DE","og_type":"article","og_title":"Presseportal | Saprea","og_description":"Im Saprea-Presseportal findest du einen Leitartikel, alle unsere Nachrichtenartikel und Zugang zu unseren Medienressourcen.","og_url":"https:\/\/nexusitc.dev\/de\/news\/","og_site_name":"Saprea","article_publisher":"https:\/\/facebook.com\/saprea.org","article_modified_time":"2024-04-11T19:38:30+00:00","twitter_card":"summary_large_image","twitter_site":"@saprea_org","twitter_misc":{"Gesch\u00e4tzte Lesezeit":"1\u00a0Minute"},"schema":{"@context":"https:\/\/schema.org","@graph":[{"@type":"WebPage","@id":"https:\/\/nexusitc.dev\/de\/news\/","url":"https:\/\/nexusitc.dev\/de\/news\/","name":"Presseportal | Saprea","isPartOf":{"@id":"https:\/\/nexusitc.dev\/de\/#website"},"datePublished":"2022-09-15T20:47:25+00:00","dateModified":"2024-04-11T19:38:30+00:00","description":"Im Saprea-Presseportal findest du einen Leitartikel, alle unsere Nachrichtenartikel und Zugang zu unseren Medienressourcen.","breadcrumb":{"@id":"https:\/\/nexusitc.dev\/de\/news\/#breadcrumb"},"inLanguage":"de","potentialAction":[{"@type":"ReadAction","target":["https:\/\/nexusitc.dev\/de\/news\/"]}]},{"@type":"BreadcrumbList","@id":"https:\/\/nexusitc.dev\/de\/news\/#breadcrumb","itemListElement":[{"@type":"ListItem","position":1,"name":"Home","item":"https:\/\/nexusitc.dev\/de\/saprea-homepage\/"},{"@type":"ListItem","position":2,"name":"Presseportal"}]},{"@type":"WebSite","@id":"https:\/\/nexusitc.dev\/de\/#website","url":"https:\/\/nexusitc.dev\/de\/","name":"Saprea","description":"","publisher":{"@id":"https:\/\/nexusitc.dev\/de\/#organization"},"potentialAction":[{"@type":"SearchAction","target":{"@type":"EntryPoint","urlTemplate":"https:\/\/nexusitc.dev\/de\/?s={search_term_string}"},"query-input":{"@type":"PropertyValueSpecification","valueRequired":true,"valueName":"search_term_string"}}],"inLanguage":"de"},{"@type":"Organization","@id":"https:\/\/nexusitc.dev\/de\/#organization","name":"Saprea","url":"https:\/\/nexusitc.dev\/de\/","logo":{"@type":"ImageObject","inLanguage":"de","@id":"https:\/\/nexusitc.dev\/de\/#\/schema\/logo\/image\/","url":"https:\/\/nexusitc.dev\/wp-content\/uploads\/2021\/12\/Vector-7-1.png","contentUrl":"https:\/\/nexusitc.dev\/wp-content\/uploads\/2021\/12\/Vector-7-1.png","width":106,"height":105,"caption":"Saprea"},"image":{"@id":"https:\/\/nexusitc.dev\/de\/#\/schema\/logo\/image\/"},"sameAs":["https:\/\/facebook.com\/saprea.org","https:\/\/x.com\/saprea_org","https:\/\/instagram.com\/youniquefoundation","https:\/\/pinterest.com\/saprea_org","https:\/\/youtube.com\/c\/saprea_org"]}]}},"_links":{"self":[{"href":"https:\/\/nexusitc.dev\/de\/wp-json\/wp\/v2\/pages\/5486","targetHints":{"allow":["GET"]}}],"collection":[{"href":"https:\/\/nexusitc.dev\/de\/wp-json\/wp\/v2\/pages"}],"about":[{"href":"https:\/\/nexusitc.dev\/de\/wp-json\/wp\/v2\/types\/page"}],"author":[{"embeddable":true,"href":"https:\/\/nexusitc.dev\/de\/wp-json\/wp\/v2\/users\/2"}],"replies":[{"embeddable":true,"href":"https:\/\/nexusitc.dev\/de\/wp-json\/wp\/v2\/comments?post=5486"}],"version-history":[{"count":0,"href":"https:\/\/nexusitc.dev\/de\/wp-json\/wp\/v2\/pages\/5486\/revisions"}],"wp:attachment":[{"href":"https:\/\/nexusitc.dev\/de\/wp-json\/wp\/v2\/media?parent=5486"}],"curies":[{"name":"wp","href":"https:\/\/api.w.org\/{rel}","templated":true}]}}