{"id":5620,"date":"2022-11-02T21:10:32","date_gmt":"2022-11-02T21:10:32","guid":{"rendered":"http:\/\/54.188.8.157\/healing-webinar\/"},"modified":"2025-11-20T16:02:17","modified_gmt":"2025-11-20T22:02:17","slug":"healing-webinar","status":"publish","type":"page","link":"https:\/\/nexusitc.dev\/de\/healing-webinar\/","title":{"rendered":"Saprea Healing Webinar"},"content":{"rendered":"<div id=\"cs-content\" class=\"cs-content\"><\/div>\n","protected":false},"excerpt":{"rendered":"<p>Saprea Healing WebinarMit dem Trauma des sexuellen Kindesmissbrauchs umgehenSchlie\u00dfe dich anderen Betroffenen an, um an einer kostenlosen 3-st\u00fcndigen Online-Lernerfahrung, ganz bequem von zu Hause aus, teilzunehmen. Die Moderatoren bieten den Teilnehmerinnen eine unterst\u00fctzende Umgebung, in der sie mehr \u00fcber die Auswirkungen von Traumata durch sexuellen Missbrauch erfahren und Methoden zur Heilung erlernen k\u00f6nnen, die sie [&hellip;]<\/p>\n","protected":false},"author":2,"featured_media":0,"parent":0,"menu_order":0,"comment_status":"closed","ping_status":"closed","template":"","meta":{"footnotes":""},"class_list":["post-5620","page","type-page","status-publish","hentry"],"yoast_head":"<!-- This site is optimized with the Yoast SEO plugin v26.8 - https:\/\/yoast.com\/product\/yoast-seo-wordpress\/ -->\n<title>Saprea Healing Webinar | Saprea - DE<\/title>\n<meta name=\"description\" content=\"Das kostenlose 3-st\u00fcndige Healing Webinar von Saprea bietet erwachsenen Frauen nach sexuellem Missbrauch eine interaktive, virtuelle Heilungserfahrung.\" \/>\n<meta name=\"robots\" content=\"index, follow, max-snippet:-1, max-image-preview:large, max-video-preview:-1\" \/>\n<link rel=\"canonical\" href=\"https:\/\/nexusitc.dev\/de\/healing-webinar\/\" \/>\n<meta property=\"og:locale\" content=\"de_DE\" \/>\n<meta property=\"og:type\" content=\"article\" \/>\n<meta property=\"og:title\" content=\"Saprea Healing Webinar | Saprea - DE\" \/>\n<meta property=\"og:description\" content=\"Das kostenlose 3-st\u00fcndige Healing Webinar von Saprea bietet erwachsenen Frauen nach sexuellem Missbrauch eine interaktive, virtuelle Heilungserfahrung.\" \/>\n<meta property=\"og:url\" content=\"https:\/\/nexusitc.dev\/de\/healing-webinar\/\" \/>\n<meta property=\"og:site_name\" content=\"Saprea\" \/>\n<meta property=\"article:publisher\" content=\"https:\/\/facebook.com\/saprea.org\" \/>\n<meta property=\"article:modified_time\" content=\"2025-11-20T22:02:17+00:00\" \/>\n<meta property=\"og:image\" content=\"https:\/\/nexusitc.dev\/wp-content\/uploads\/2024\/11\/ED_Healing-Webinar_ag097-scaled.jpg\" \/>\n<meta name=\"twitter:card\" content=\"summary_large_image\" \/>\n<meta name=\"twitter:site\" content=\"@saprea_org\" \/>\n<script type=\"application\/ld+json\" class=\"yoast-schema-graph\">{\"@context\":\"https:\/\/schema.org\",\"@graph\":[{\"@type\":\"WebPage\",\"@id\":\"https:\/\/nexusitc.dev\/de\/healing-webinar\/\",\"url\":\"https:\/\/nexusitc.dev\/de\/healing-webinar\/\",\"name\":\"Saprea Healing Webinar | Saprea - DE\",\"isPartOf\":{\"@id\":\"https:\/\/nexusitc.dev\/de\/#website\"},\"primaryImageOfPage\":{\"@id\":\"https:\/\/nexusitc.dev\/de\/healing-webinar\/#primaryimage\"},\"image\":{\"@id\":\"https:\/\/nexusitc.dev\/de\/healing-webinar\/#primaryimage\"},\"thumbnailUrl\":\"https:\/\/nexusitc.dev\/wp-content\/uploads\/2024\/11\/ED_Healing-Webinar_ag097-scaled.jpg\",\"datePublished\":\"2022-11-02T21:10:32+00:00\",\"dateModified\":\"2025-11-20T22:02:17+00:00\",\"description\":\"Das kostenlose 3-st\u00fcndige Healing Webinar von Saprea bietet erwachsenen Frauen nach sexuellem Missbrauch eine interaktive, virtuelle Heilungserfahrung.\",\"breadcrumb\":{\"@id\":\"https:\/\/nexusitc.dev\/de\/healing-webinar\/#breadcrumb\"},\"inLanguage\":\"de\",\"potentialAction\":[{\"@type\":\"ReadAction\",\"target\":[\"https:\/\/nexusitc.dev\/de\/healing-webinar\/\"]}]},{\"@type\":\"ImageObject\",\"inLanguage\":\"de\",\"@id\":\"https:\/\/nexusitc.dev\/de\/healing-webinar\/#primaryimage\",\"url\":\"https:\/\/nexusitc.dev\/wp-content\/uploads\/2024\/11\/ED_Healing-Webinar_ag097-scaled.jpg\",\"contentUrl\":\"https:\/\/nexusitc.dev\/wp-content\/uploads\/2024\/11\/ED_Healing-Webinar_ag097-scaled.jpg\"},{\"@type\":\"BreadcrumbList\",\"@id\":\"https:\/\/nexusitc.dev\/de\/healing-webinar\/#breadcrumb\",\"itemListElement\":[{\"@type\":\"ListItem\",\"position\":1,\"name\":\"Home\",\"item\":\"https:\/\/nexusitc.dev\/de\/saprea-homepage\/\"},{\"@type\":\"ListItem\",\"position\":2,\"name\":\"Saprea Healing Webinar\"}]},{\"@type\":\"WebSite\",\"@id\":\"https:\/\/nexusitc.dev\/de\/#website\",\"url\":\"https:\/\/nexusitc.dev\/de\/\",\"name\":\"Saprea\",\"description\":\"\",\"publisher\":{\"@id\":\"https:\/\/nexusitc.dev\/de\/#organization\"},\"potentialAction\":[{\"@type\":\"SearchAction\",\"target\":{\"@type\":\"EntryPoint\",\"urlTemplate\":\"https:\/\/nexusitc.dev\/de\/?s={search_term_string}\"},\"query-input\":{\"@type\":\"PropertyValueSpecification\",\"valueRequired\":true,\"valueName\":\"search_term_string\"}}],\"inLanguage\":\"de\"},{\"@type\":\"Organization\",\"@id\":\"https:\/\/nexusitc.dev\/de\/#organization\",\"name\":\"Saprea\",\"url\":\"https:\/\/nexusitc.dev\/de\/\",\"logo\":{\"@type\":\"ImageObject\",\"inLanguage\":\"de\",\"@id\":\"https:\/\/nexusitc.dev\/de\/#\/schema\/logo\/image\/\",\"url\":\"https:\/\/nexusitc.dev\/wp-content\/uploads\/2021\/12\/Vector-7-1.png\",\"contentUrl\":\"https:\/\/nexusitc.dev\/wp-content\/uploads\/2021\/12\/Vector-7-1.png\",\"width\":106,\"height\":105,\"caption\":\"Saprea\"},\"image\":{\"@id\":\"https:\/\/nexusitc.dev\/de\/#\/schema\/logo\/image\/\"},\"sameAs\":[\"https:\/\/facebook.com\/saprea.org\",\"https:\/\/x.com\/saprea_org\",\"https:\/\/instagram.com\/youniquefoundation\",\"https:\/\/pinterest.com\/saprea_org\",\"https:\/\/youtube.com\/c\/saprea_org\"]}]}<\/script>\n<!-- \/ Yoast SEO plugin. -->","yoast_head_json":{"title":"Saprea Healing Webinar | Saprea - DE","description":"Das kostenlose 3-st\u00fcndige Healing Webinar von Saprea bietet erwachsenen Frauen nach sexuellem Missbrauch eine interaktive, virtuelle Heilungserfahrung.","robots":{"index":"index","follow":"follow","max-snippet":"max-snippet:-1","max-image-preview":"max-image-preview:large","max-video-preview":"max-video-preview:-1"},"canonical":"https:\/\/nexusitc.dev\/de\/healing-webinar\/","og_locale":"de_DE","og_type":"article","og_title":"Saprea Healing Webinar | Saprea - DE","og_description":"Das kostenlose 3-st\u00fcndige Healing Webinar von Saprea bietet erwachsenen Frauen nach sexuellem Missbrauch eine interaktive, virtuelle Heilungserfahrung.","og_url":"https:\/\/nexusitc.dev\/de\/healing-webinar\/","og_site_name":"Saprea","article_publisher":"https:\/\/facebook.com\/saprea.org","article_modified_time":"2025-11-20T22:02:17+00:00","og_image":[{"url":"https:\/\/nexusitc.dev\/wp-content\/uploads\/2024\/11\/ED_Healing-Webinar_ag097-scaled.jpg","type":"","width":"","height":""}],"twitter_card":"summary_large_image","twitter_site":"@saprea_org","schema":{"@context":"https:\/\/schema.org","@graph":[{"@type":"WebPage","@id":"https:\/\/nexusitc.dev\/de\/healing-webinar\/","url":"https:\/\/nexusitc.dev\/de\/healing-webinar\/","name":"Saprea Healing Webinar | Saprea - DE","isPartOf":{"@id":"https:\/\/nexusitc.dev\/de\/#website"},"primaryImageOfPage":{"@id":"https:\/\/nexusitc.dev\/de\/healing-webinar\/#primaryimage"},"image":{"@id":"https:\/\/nexusitc.dev\/de\/healing-webinar\/#primaryimage"},"thumbnailUrl":"https:\/\/nexusitc.dev\/wp-content\/uploads\/2024\/11\/ED_Healing-Webinar_ag097-scaled.jpg","datePublished":"2022-11-02T21:10:32+00:00","dateModified":"2025-11-20T22:02:17+00:00","description":"Das kostenlose 3-st\u00fcndige Healing Webinar von Saprea bietet erwachsenen Frauen nach sexuellem Missbrauch eine interaktive, virtuelle Heilungserfahrung.","breadcrumb":{"@id":"https:\/\/nexusitc.dev\/de\/healing-webinar\/#breadcrumb"},"inLanguage":"de","potentialAction":[{"@type":"ReadAction","target":["https:\/\/nexusitc.dev\/de\/healing-webinar\/"]}]},{"@type":"ImageObject","inLanguage":"de","@id":"https:\/\/nexusitc.dev\/de\/healing-webinar\/#primaryimage","url":"https:\/\/nexusitc.dev\/wp-content\/uploads\/2024\/11\/ED_Healing-Webinar_ag097-scaled.jpg","contentUrl":"https:\/\/nexusitc.dev\/wp-content\/uploads\/2024\/11\/ED_Healing-Webinar_ag097-scaled.jpg"},{"@type":"BreadcrumbList","@id":"https:\/\/nexusitc.dev\/de\/healing-webinar\/#breadcrumb","itemListElement":[{"@type":"ListItem","position":1,"name":"Home","item":"https:\/\/nexusitc.dev\/de\/saprea-homepage\/"},{"@type":"ListItem","position":2,"name":"Saprea Healing Webinar"}]},{"@type":"WebSite","@id":"https:\/\/nexusitc.dev\/de\/#website","url":"https:\/\/nexusitc.dev\/de\/","name":"Saprea","description":"","publisher":{"@id":"https:\/\/nexusitc.dev\/de\/#organization"},"potentialAction":[{"@type":"SearchAction","target":{"@type":"EntryPoint","urlTemplate":"https:\/\/nexusitc.dev\/de\/?s={search_term_string}"},"query-input":{"@type":"PropertyValueSpecification","valueRequired":true,"valueName":"search_term_string"}}],"inLanguage":"de"},{"@type":"Organization","@id":"https:\/\/nexusitc.dev\/de\/#organization","name":"Saprea","url":"https:\/\/nexusitc.dev\/de\/","logo":{"@type":"ImageObject","inLanguage":"de","@id":"https:\/\/nexusitc.dev\/de\/#\/schema\/logo\/image\/","url":"https:\/\/nexusitc.dev\/wp-content\/uploads\/2021\/12\/Vector-7-1.png","contentUrl":"https:\/\/nexusitc.dev\/wp-content\/uploads\/2021\/12\/Vector-7-1.png","width":106,"height":105,"caption":"Saprea"},"image":{"@id":"https:\/\/nexusitc.dev\/de\/#\/schema\/logo\/image\/"},"sameAs":["https:\/\/facebook.com\/saprea.org","https:\/\/x.com\/saprea_org","https:\/\/instagram.com\/youniquefoundation","https:\/\/pinterest.com\/saprea_org","https:\/\/youtube.com\/c\/saprea_org"]}]}},"_links":{"self":[{"href":"https:\/\/nexusitc.dev\/de\/wp-json\/wp\/v2\/pages\/5620","targetHints":{"allow":["GET"]}}],"collection":[{"href":"https:\/\/nexusitc.dev\/de\/wp-json\/wp\/v2\/pages"}],"about":[{"href":"https:\/\/nexusitc.dev\/de\/wp-json\/wp\/v2\/types\/page"}],"author":[{"embeddable":true,"href":"https:\/\/nexusitc.dev\/de\/wp-json\/wp\/v2\/users\/2"}],"replies":[{"embeddable":true,"href":"https:\/\/nexusitc.dev\/de\/wp-json\/wp\/v2\/comments?post=5620"}],"version-history":[{"count":3,"href":"https:\/\/nexusitc.dev\/de\/wp-json\/wp\/v2\/pages\/5620\/revisions"}],"predecessor-version":[{"id":34125,"href":"https:\/\/nexusitc.dev\/de\/wp-json\/wp\/v2\/pages\/5620\/revisions\/34125"}],"wp:attachment":[{"href":"https:\/\/nexusitc.dev\/de\/wp-json\/wp\/v2\/media?parent=5620"}],"curies":[{"name":"wp","href":"https:\/\/api.w.org\/{rel}","templated":true}]}}