{"id":7165,"date":"2023-03-23T21:40:46","date_gmt":"2023-03-23T21:40:46","guid":{"rendered":"http:\/\/54.188.8.157\/?page_id=7165"},"modified":"2025-06-11T13:06:03","modified_gmt":"2025-06-11T19:06:03","slug":"blog","status":"publish","type":"page","link":"https:\/\/nexusitc.dev\/de\/blog\/","title":{"rendered":"Saprea blog"},"content":{"rendered":"<div id=\"cs-content\" class=\"cs-content\"><\/div>\n","protected":false},"excerpt":{"rendered":"<p>Saprea BlogSexueller Missbrauch von Kindern \u2013 Statistiken in Ma\u00dfnahmen umsetzen und Kinder sch\u00fctzenWie viele von euch haben auch mir die Statistiken zu sexuellem Missbrauch nie wirklich bewusst geworden, bevor meine Lieben mir von ihren Erfahrungen erz\u00e4hlten. Aber jetzt schreien mich diese Zahlen an. Ich kann nicht mehr wegsehen. Ich kann das Unbehagen nicht mehr damit [&hellip;]<\/p>\n","protected":false},"author":2,"featured_media":0,"parent":0,"menu_order":0,"comment_status":"closed","ping_status":"closed","template":"","meta":{"footnotes":""},"class_list":["post-7165","page","type-page","status-publish","hentry"],"yoast_head":"<!-- This site is optimized with the Yoast SEO plugin v26.8 - https:\/\/yoast.com\/product\/yoast-seo-wordpress\/ -->\n<title>Saprea blog | Saprea<\/title>\n<meta name=\"description\" content=\"Im Saprea-Blog findest du Artikel zur Heilung f\u00fcr Betroffene und zur Pr\u00e4vention von sexuellem Kindesmissbrauch f\u00fcr Eltern und Betreuungspersonen.\" \/>\n<meta name=\"robots\" content=\"index, follow, max-snippet:-1, max-image-preview:large, max-video-preview:-1\" \/>\n<link rel=\"canonical\" href=\"https:\/\/nexusitc.dev\/de\/blog\/\" \/>\n<meta property=\"og:locale\" content=\"de_DE\" \/>\n<meta property=\"og:type\" content=\"article\" \/>\n<meta property=\"og:title\" content=\"Saprea blog | Saprea\" \/>\n<meta property=\"og:description\" content=\"Im Saprea-Blog findest du Artikel zur Heilung f\u00fcr Betroffene und zur Pr\u00e4vention von sexuellem Kindesmissbrauch f\u00fcr Eltern und Betreuungspersonen.\" \/>\n<meta property=\"og:url\" content=\"https:\/\/nexusitc.dev\/de\/blog\/\" \/>\n<meta property=\"og:site_name\" content=\"Saprea\" \/>\n<meta property=\"article:publisher\" content=\"https:\/\/facebook.com\/saprea.org\" \/>\n<meta property=\"article:modified_time\" content=\"2025-06-11T19:06:03+00:00\" \/>\n<meta name=\"twitter:card\" content=\"summary_large_image\" \/>\n<meta name=\"twitter:site\" content=\"@saprea_org\" \/>\n<script type=\"application\/ld+json\" class=\"yoast-schema-graph\">{\"@context\":\"https:\/\/schema.org\",\"@graph\":[{\"@type\":\"WebPage\",\"@id\":\"https:\/\/nexusitc.dev\/de\/blog\/\",\"url\":\"https:\/\/nexusitc.dev\/de\/blog\/\",\"name\":\"Saprea blog | Saprea\",\"isPartOf\":{\"@id\":\"https:\/\/nexusitc.dev\/de\/#website\"},\"datePublished\":\"2023-03-23T21:40:46+00:00\",\"dateModified\":\"2025-06-11T19:06:03+00:00\",\"description\":\"Im Saprea-Blog findest du Artikel zur Heilung f\u00fcr Betroffene und zur Pr\u00e4vention von sexuellem Kindesmissbrauch f\u00fcr Eltern und Betreuungspersonen.\",\"breadcrumb\":{\"@id\":\"https:\/\/nexusitc.dev\/de\/blog\/#breadcrumb\"},\"inLanguage\":\"de\",\"potentialAction\":[{\"@type\":\"ReadAction\",\"target\":[\"https:\/\/nexusitc.dev\/de\/blog\/\"]}]},{\"@type\":\"BreadcrumbList\",\"@id\":\"https:\/\/nexusitc.dev\/de\/blog\/#breadcrumb\",\"itemListElement\":[{\"@type\":\"ListItem\",\"position\":1,\"name\":\"Home\",\"item\":\"https:\/\/nexusitc.dev\/de\/saprea-homepage\/\"},{\"@type\":\"ListItem\",\"position\":2,\"name\":\"Saprea blog\"}]},{\"@type\":\"WebSite\",\"@id\":\"https:\/\/nexusitc.dev\/de\/#website\",\"url\":\"https:\/\/nexusitc.dev\/de\/\",\"name\":\"Saprea\",\"description\":\"\",\"publisher\":{\"@id\":\"https:\/\/nexusitc.dev\/de\/#organization\"},\"potentialAction\":[{\"@type\":\"SearchAction\",\"target\":{\"@type\":\"EntryPoint\",\"urlTemplate\":\"https:\/\/nexusitc.dev\/de\/?s={search_term_string}\"},\"query-input\":{\"@type\":\"PropertyValueSpecification\",\"valueRequired\":true,\"valueName\":\"search_term_string\"}}],\"inLanguage\":\"de\"},{\"@type\":\"Organization\",\"@id\":\"https:\/\/nexusitc.dev\/de\/#organization\",\"name\":\"Saprea\",\"url\":\"https:\/\/nexusitc.dev\/de\/\",\"logo\":{\"@type\":\"ImageObject\",\"inLanguage\":\"de\",\"@id\":\"https:\/\/nexusitc.dev\/de\/#\/schema\/logo\/image\/\",\"url\":\"https:\/\/nexusitc.dev\/wp-content\/uploads\/2021\/12\/Vector-7-1.png\",\"contentUrl\":\"https:\/\/nexusitc.dev\/wp-content\/uploads\/2021\/12\/Vector-7-1.png\",\"width\":106,\"height\":105,\"caption\":\"Saprea\"},\"image\":{\"@id\":\"https:\/\/nexusitc.dev\/de\/#\/schema\/logo\/image\/\"},\"sameAs\":[\"https:\/\/facebook.com\/saprea.org\",\"https:\/\/x.com\/saprea_org\",\"https:\/\/instagram.com\/youniquefoundation\",\"https:\/\/pinterest.com\/saprea_org\",\"https:\/\/youtube.com\/c\/saprea_org\"]}]}<\/script>\n<!-- \/ Yoast SEO plugin. -->","yoast_head_json":{"title":"Saprea blog | Saprea","description":"Im Saprea-Blog findest du Artikel zur Heilung f\u00fcr Betroffene und zur Pr\u00e4vention von sexuellem Kindesmissbrauch f\u00fcr Eltern und Betreuungspersonen.","robots":{"index":"index","follow":"follow","max-snippet":"max-snippet:-1","max-image-preview":"max-image-preview:large","max-video-preview":"max-video-preview:-1"},"canonical":"https:\/\/nexusitc.dev\/de\/blog\/","og_locale":"de_DE","og_type":"article","og_title":"Saprea blog | Saprea","og_description":"Im Saprea-Blog findest du Artikel zur Heilung f\u00fcr Betroffene und zur Pr\u00e4vention von sexuellem Kindesmissbrauch f\u00fcr Eltern und Betreuungspersonen.","og_url":"https:\/\/nexusitc.dev\/de\/blog\/","og_site_name":"Saprea","article_publisher":"https:\/\/facebook.com\/saprea.org","article_modified_time":"2025-06-11T19:06:03+00:00","twitter_card":"summary_large_image","twitter_site":"@saprea_org","schema":{"@context":"https:\/\/schema.org","@graph":[{"@type":"WebPage","@id":"https:\/\/nexusitc.dev\/de\/blog\/","url":"https:\/\/nexusitc.dev\/de\/blog\/","name":"Saprea blog | Saprea","isPartOf":{"@id":"https:\/\/nexusitc.dev\/de\/#website"},"datePublished":"2023-03-23T21:40:46+00:00","dateModified":"2025-06-11T19:06:03+00:00","description":"Im Saprea-Blog findest du Artikel zur Heilung f\u00fcr Betroffene und zur Pr\u00e4vention von sexuellem Kindesmissbrauch f\u00fcr Eltern und Betreuungspersonen.","breadcrumb":{"@id":"https:\/\/nexusitc.dev\/de\/blog\/#breadcrumb"},"inLanguage":"de","potentialAction":[{"@type":"ReadAction","target":["https:\/\/nexusitc.dev\/de\/blog\/"]}]},{"@type":"BreadcrumbList","@id":"https:\/\/nexusitc.dev\/de\/blog\/#breadcrumb","itemListElement":[{"@type":"ListItem","position":1,"name":"Home","item":"https:\/\/nexusitc.dev\/de\/saprea-homepage\/"},{"@type":"ListItem","position":2,"name":"Saprea blog"}]},{"@type":"WebSite","@id":"https:\/\/nexusitc.dev\/de\/#website","url":"https:\/\/nexusitc.dev\/de\/","name":"Saprea","description":"","publisher":{"@id":"https:\/\/nexusitc.dev\/de\/#organization"},"potentialAction":[{"@type":"SearchAction","target":{"@type":"EntryPoint","urlTemplate":"https:\/\/nexusitc.dev\/de\/?s={search_term_string}"},"query-input":{"@type":"PropertyValueSpecification","valueRequired":true,"valueName":"search_term_string"}}],"inLanguage":"de"},{"@type":"Organization","@id":"https:\/\/nexusitc.dev\/de\/#organization","name":"Saprea","url":"https:\/\/nexusitc.dev\/de\/","logo":{"@type":"ImageObject","inLanguage":"de","@id":"https:\/\/nexusitc.dev\/de\/#\/schema\/logo\/image\/","url":"https:\/\/nexusitc.dev\/wp-content\/uploads\/2021\/12\/Vector-7-1.png","contentUrl":"https:\/\/nexusitc.dev\/wp-content\/uploads\/2021\/12\/Vector-7-1.png","width":106,"height":105,"caption":"Saprea"},"image":{"@id":"https:\/\/nexusitc.dev\/de\/#\/schema\/logo\/image\/"},"sameAs":["https:\/\/facebook.com\/saprea.org","https:\/\/x.com\/saprea_org","https:\/\/instagram.com\/youniquefoundation","https:\/\/pinterest.com\/saprea_org","https:\/\/youtube.com\/c\/saprea_org"]}]}},"_links":{"self":[{"href":"https:\/\/nexusitc.dev\/de\/wp-json\/wp\/v2\/pages\/7165","targetHints":{"allow":["GET"]}}],"collection":[{"href":"https:\/\/nexusitc.dev\/de\/wp-json\/wp\/v2\/pages"}],"about":[{"href":"https:\/\/nexusitc.dev\/de\/wp-json\/wp\/v2\/types\/page"}],"author":[{"embeddable":true,"href":"https:\/\/nexusitc.dev\/de\/wp-json\/wp\/v2\/users\/2"}],"replies":[{"embeddable":true,"href":"https:\/\/nexusitc.dev\/de\/wp-json\/wp\/v2\/comments?post=7165"}],"version-history":[{"count":0,"href":"https:\/\/nexusitc.dev\/de\/wp-json\/wp\/v2\/pages\/7165\/revisions"}],"wp:attachment":[{"href":"https:\/\/nexusitc.dev\/de\/wp-json\/wp\/v2\/media?parent=7165"}],"curies":[{"name":"wp","href":"https:\/\/api.w.org\/{rel}","templated":true}]}}