{"id":959,"date":"2022-02-10T17:57:09","date_gmt":"2022-02-10T17:57:09","guid":{"rendered":"http:\/\/54.188.8.157\/gemeinschaftsbildung\/"},"modified":"2025-12-08T16:33:01","modified_gmt":"2025-12-08T22:33:01","slug":"gemeinschaftsbildung","status":"publish","type":"page","link":"https:\/\/nexusitc.dev\/de\/gemeinschaftsbildung\/","title":{"rendered":"Gemeinschaftsbildung"},"content":{"rendered":"<div id=\"cs-content\" class=\"cs-content\"><\/div>\n","protected":false},"excerpt":{"rendered":"<p>Saprea &gt; GemeinschaftsbildungKl\u00e4re deine Gemeinschaft aufDu kannst dazu beitragen, das Risiko von sexuellem Kindesmissbrauch in deiner Gemeinschaft zu verringern, indem du einen Pr\u00e4ventionskurs h\u00e4ltst. Alle unsere Unterrichtsmaterialien wurden in Zusammenarbeit mit erfahrenen Therapeuten und F\u00fchrungskr\u00e4ften aus der Gemeinschaft entwickelt. Vereinbare einen Termin f\u00fcr einen Saprea-Pr\u00e4ventionskurs bei uns, lade Materialien herunter, um eine Gruppe zu unterrichten, [&hellip;]<\/p>\n","protected":false},"author":3,"featured_media":0,"parent":0,"menu_order":0,"comment_status":"closed","ping_status":"closed","template":"","meta":{"footnotes":""},"class_list":["post-959","page","type-page","status-publish","hentry"],"yoast_head":"<!-- This site is optimized with the Yoast SEO plugin v26.8 - https:\/\/yoast.com\/product\/yoast-seo-wordpress\/ -->\n<title>Gemeinschaftsbildung | Saprea<\/title>\n<meta name=\"description\" content=\"Du kannst dazu beitragen, das Risiko sexuellen Kindesmissbrauchs in deiner Gemeinde zu verringern, indem du einen Pr\u00e4ventionskurs leitest, einen Kurs bei uns reservierst oder ehrenamtlicher Helfer wirst.\" \/>\n<meta name=\"robots\" content=\"index, follow, max-snippet:-1, max-image-preview:large, max-video-preview:-1\" \/>\n<link rel=\"canonical\" href=\"https:\/\/nexusitc.dev\/de\/gemeinschaftsbildung\/\" \/>\n<meta property=\"og:locale\" content=\"de_DE\" \/>\n<meta property=\"og:type\" content=\"article\" \/>\n<meta property=\"og:title\" content=\"Gemeinschaftsbildung | Saprea\" \/>\n<meta property=\"og:description\" content=\"Du kannst dazu beitragen, das Risiko sexuellen Kindesmissbrauchs in deiner Gemeinde zu verringern, indem du einen Pr\u00e4ventionskurs leitest, einen Kurs bei uns reservierst oder ehrenamtlicher Helfer wirst.\" \/>\n<meta property=\"og:url\" content=\"https:\/\/nexusitc.dev\/de\/gemeinschaftsbildung\/\" \/>\n<meta property=\"og:site_name\" content=\"Saprea\" \/>\n<meta property=\"article:publisher\" content=\"https:\/\/facebook.com\/saprea.org\" \/>\n<meta property=\"article:modified_time\" content=\"2025-12-08T22:33:01+00:00\" \/>\n<meta name=\"twitter:card\" content=\"summary_large_image\" \/>\n<meta name=\"twitter:site\" content=\"@saprea_org\" \/>\n<meta name=\"twitter:label1\" content=\"Gesch\u00e4tzte Lesezeit\" \/>\n\t<meta name=\"twitter:data1\" content=\"6\u00a0Minuten\" \/>\n<script type=\"application\/ld+json\" class=\"yoast-schema-graph\">{\"@context\":\"https:\/\/schema.org\",\"@graph\":[{\"@type\":\"WebPage\",\"@id\":\"https:\/\/nexusitc.dev\/de\/gemeinschaftsbildung\/\",\"url\":\"https:\/\/nexusitc.dev\/de\/gemeinschaftsbildung\/\",\"name\":\"Gemeinschaftsbildung | Saprea\",\"isPartOf\":{\"@id\":\"https:\/\/nexusitc.dev\/de\/#website\"},\"datePublished\":\"2022-02-10T17:57:09+00:00\",\"dateModified\":\"2025-12-08T22:33:01+00:00\",\"description\":\"Du kannst dazu beitragen, das Risiko sexuellen Kindesmissbrauchs in deiner Gemeinde zu verringern, indem du einen Pr\u00e4ventionskurs leitest, einen Kurs bei uns reservierst oder ehrenamtlicher Helfer wirst.\",\"breadcrumb\":{\"@id\":\"https:\/\/nexusitc.dev\/de\/gemeinschaftsbildung\/#breadcrumb\"},\"inLanguage\":\"de\",\"potentialAction\":[{\"@type\":\"ReadAction\",\"target\":[\"https:\/\/nexusitc.dev\/de\/gemeinschaftsbildung\/\"]}]},{\"@type\":\"BreadcrumbList\",\"@id\":\"https:\/\/nexusitc.dev\/de\/gemeinschaftsbildung\/#breadcrumb\",\"itemListElement\":[{\"@type\":\"ListItem\",\"position\":1,\"name\":\"Home\",\"item\":\"https:\/\/nexusitc.dev\/de\/saprea-homepage\/\"},{\"@type\":\"ListItem\",\"position\":2,\"name\":\"Gemeinschaftsbildung\"}]},{\"@type\":\"WebSite\",\"@id\":\"https:\/\/nexusitc.dev\/de\/#website\",\"url\":\"https:\/\/nexusitc.dev\/de\/\",\"name\":\"Saprea\",\"description\":\"\",\"publisher\":{\"@id\":\"https:\/\/nexusitc.dev\/de\/#organization\"},\"potentialAction\":[{\"@type\":\"SearchAction\",\"target\":{\"@type\":\"EntryPoint\",\"urlTemplate\":\"https:\/\/nexusitc.dev\/de\/?s={search_term_string}\"},\"query-input\":{\"@type\":\"PropertyValueSpecification\",\"valueRequired\":true,\"valueName\":\"search_term_string\"}}],\"inLanguage\":\"de\"},{\"@type\":\"Organization\",\"@id\":\"https:\/\/nexusitc.dev\/de\/#organization\",\"name\":\"Saprea\",\"url\":\"https:\/\/nexusitc.dev\/de\/\",\"logo\":{\"@type\":\"ImageObject\",\"inLanguage\":\"de\",\"@id\":\"https:\/\/nexusitc.dev\/de\/#\/schema\/logo\/image\/\",\"url\":\"https:\/\/nexusitc.dev\/wp-content\/uploads\/2021\/12\/Vector-7-1.png\",\"contentUrl\":\"https:\/\/nexusitc.dev\/wp-content\/uploads\/2021\/12\/Vector-7-1.png\",\"width\":106,\"height\":105,\"caption\":\"Saprea\"},\"image\":{\"@id\":\"https:\/\/nexusitc.dev\/de\/#\/schema\/logo\/image\/\"},\"sameAs\":[\"https:\/\/facebook.com\/saprea.org\",\"https:\/\/x.com\/saprea_org\",\"https:\/\/instagram.com\/youniquefoundation\",\"https:\/\/pinterest.com\/saprea_org\",\"https:\/\/youtube.com\/c\/saprea_org\"]}]}<\/script>\n<!-- \/ Yoast SEO plugin. -->","yoast_head_json":{"title":"Gemeinschaftsbildung | Saprea","description":"Du kannst dazu beitragen, das Risiko sexuellen Kindesmissbrauchs in deiner Gemeinde zu verringern, indem du einen Pr\u00e4ventionskurs leitest, einen Kurs bei uns reservierst oder ehrenamtlicher Helfer wirst.","robots":{"index":"index","follow":"follow","max-snippet":"max-snippet:-1","max-image-preview":"max-image-preview:large","max-video-preview":"max-video-preview:-1"},"canonical":"https:\/\/nexusitc.dev\/de\/gemeinschaftsbildung\/","og_locale":"de_DE","og_type":"article","og_title":"Gemeinschaftsbildung | Saprea","og_description":"Du kannst dazu beitragen, das Risiko sexuellen Kindesmissbrauchs in deiner Gemeinde zu verringern, indem du einen Pr\u00e4ventionskurs leitest, einen Kurs bei uns reservierst oder ehrenamtlicher Helfer wirst.","og_url":"https:\/\/nexusitc.dev\/de\/gemeinschaftsbildung\/","og_site_name":"Saprea","article_publisher":"https:\/\/facebook.com\/saprea.org","article_modified_time":"2025-12-08T22:33:01+00:00","twitter_card":"summary_large_image","twitter_site":"@saprea_org","twitter_misc":{"Gesch\u00e4tzte Lesezeit":"6\u00a0Minuten"},"schema":{"@context":"https:\/\/schema.org","@graph":[{"@type":"WebPage","@id":"https:\/\/nexusitc.dev\/de\/gemeinschaftsbildung\/","url":"https:\/\/nexusitc.dev\/de\/gemeinschaftsbildung\/","name":"Gemeinschaftsbildung | Saprea","isPartOf":{"@id":"https:\/\/nexusitc.dev\/de\/#website"},"datePublished":"2022-02-10T17:57:09+00:00","dateModified":"2025-12-08T22:33:01+00:00","description":"Du kannst dazu beitragen, das Risiko sexuellen Kindesmissbrauchs in deiner Gemeinde zu verringern, indem du einen Pr\u00e4ventionskurs leitest, einen Kurs bei uns reservierst oder ehrenamtlicher Helfer wirst.","breadcrumb":{"@id":"https:\/\/nexusitc.dev\/de\/gemeinschaftsbildung\/#breadcrumb"},"inLanguage":"de","potentialAction":[{"@type":"ReadAction","target":["https:\/\/nexusitc.dev\/de\/gemeinschaftsbildung\/"]}]},{"@type":"BreadcrumbList","@id":"https:\/\/nexusitc.dev\/de\/gemeinschaftsbildung\/#breadcrumb","itemListElement":[{"@type":"ListItem","position":1,"name":"Home","item":"https:\/\/nexusitc.dev\/de\/saprea-homepage\/"},{"@type":"ListItem","position":2,"name":"Gemeinschaftsbildung"}]},{"@type":"WebSite","@id":"https:\/\/nexusitc.dev\/de\/#website","url":"https:\/\/nexusitc.dev\/de\/","name":"Saprea","description":"","publisher":{"@id":"https:\/\/nexusitc.dev\/de\/#organization"},"potentialAction":[{"@type":"SearchAction","target":{"@type":"EntryPoint","urlTemplate":"https:\/\/nexusitc.dev\/de\/?s={search_term_string}"},"query-input":{"@type":"PropertyValueSpecification","valueRequired":true,"valueName":"search_term_string"}}],"inLanguage":"de"},{"@type":"Organization","@id":"https:\/\/nexusitc.dev\/de\/#organization","name":"Saprea","url":"https:\/\/nexusitc.dev\/de\/","logo":{"@type":"ImageObject","inLanguage":"de","@id":"https:\/\/nexusitc.dev\/de\/#\/schema\/logo\/image\/","url":"https:\/\/nexusitc.dev\/wp-content\/uploads\/2021\/12\/Vector-7-1.png","contentUrl":"https:\/\/nexusitc.dev\/wp-content\/uploads\/2021\/12\/Vector-7-1.png","width":106,"height":105,"caption":"Saprea"},"image":{"@id":"https:\/\/nexusitc.dev\/de\/#\/schema\/logo\/image\/"},"sameAs":["https:\/\/facebook.com\/saprea.org","https:\/\/x.com\/saprea_org","https:\/\/instagram.com\/youniquefoundation","https:\/\/pinterest.com\/saprea_org","https:\/\/youtube.com\/c\/saprea_org"]}]}},"_links":{"self":[{"href":"https:\/\/nexusitc.dev\/de\/wp-json\/wp\/v2\/pages\/959","targetHints":{"allow":["GET"]}}],"collection":[{"href":"https:\/\/nexusitc.dev\/de\/wp-json\/wp\/v2\/pages"}],"about":[{"href":"https:\/\/nexusitc.dev\/de\/wp-json\/wp\/v2\/types\/page"}],"author":[{"embeddable":true,"href":"https:\/\/nexusitc.dev\/de\/wp-json\/wp\/v2\/users\/3"}],"replies":[{"embeddable":true,"href":"https:\/\/nexusitc.dev\/de\/wp-json\/wp\/v2\/comments?post=959"}],"version-history":[{"count":29,"href":"https:\/\/nexusitc.dev\/de\/wp-json\/wp\/v2\/pages\/959\/revisions"}],"predecessor-version":[{"id":34514,"href":"https:\/\/nexusitc.dev\/de\/wp-json\/wp\/v2\/pages\/959\/revisions\/34514"}],"wp:attachment":[{"href":"https:\/\/nexusitc.dev\/de\/wp-json\/wp\/v2\/media?parent=959"}],"curies":[{"name":"wp","href":"https:\/\/api.w.org\/{rel}","templated":true}]}}