{"id":3235,"date":"2022-09-22T16:41:11","date_gmt":"2022-09-22T16:41:11","guid":{"rendered":"https:\/\/nexusitc.dev\/?page_id=3235"},"modified":"2025-10-23T09:40:10","modified_gmt":"2025-10-23T15:40:10","slug":"entiende-el-problema-del-abuso-sexual-infantil","status":"publish","type":"page","link":"https:\/\/nexusitc.dev\/es\/entiende-el-problema-del-abuso-sexual-infantil\/","title":{"rendered":"Entiende el Problema del Abuso Sexual\u00a0 Infantil"},"content":{"rendered":"<div id=\"cs-content\" class=\"cs-content\"><\/div>\n","protected":false},"excerpt":{"rendered":"<p>Saprea &gt; Entiende el Problema del Abuso Sexual\u00a0 InfantilConoce los datosEntiende el Problema del Abuso Sexual\u00a0 InfantilA los padres les puede resultar dif\u00edcil siquiera considerar la posibilidad de que su hijo pueda verse afectado por un abuso sexual, pero es importante recordar que el abuso sexual es un problema que no puede ignorarse.Conoce los datosEntiende [&hellip;]<\/p>\n","protected":false},"author":2,"featured_media":0,"parent":0,"menu_order":0,"comment_status":"closed","ping_status":"closed","template":"","meta":{"footnotes":""},"class_list":["post-3235","page","type-page","status-publish","hentry"],"yoast_head":"<!-- This site is optimized with the Yoast SEO plugin v26.8 - https:\/\/yoast.com\/product\/yoast-seo-wordpress\/ -->\n<title>Entiende el Problema del Abuso Sexual\u00a0 Infantil | Saprea<\/title>\n<meta name=\"description\" content=\"El abuso sexual infantil es m\u00e1s com\u00fan de lo que se piensa. Entender la definici\u00f3n, los hechos clave, la sanaci\u00f3n y apoyar a sobrevivientes.\" \/>\n<meta name=\"robots\" content=\"index, follow, max-snippet:-1, max-image-preview:large, max-video-preview:-1\" \/>\n<link rel=\"canonical\" href=\"https:\/\/nexusitc.dev\/es\/entiende-el-problema-del-abuso-sexual-infantil\/\" \/>\n<meta property=\"og:locale\" content=\"es_ES\" \/>\n<meta property=\"og:type\" content=\"article\" \/>\n<meta property=\"og:title\" content=\"Entiende el Problema del Abuso Sexual\u00a0 Infantil | Saprea\" \/>\n<meta property=\"og:description\" content=\"El abuso sexual infantil es m\u00e1s com\u00fan de lo que se piensa. Entender la definici\u00f3n, los hechos clave, la sanaci\u00f3n y apoyar a sobrevivientes.\" \/>\n<meta property=\"og:url\" content=\"https:\/\/nexusitc.dev\/es\/entiende-el-problema-del-abuso-sexual-infantil\/\" \/>\n<meta property=\"og:site_name\" content=\"Saprea\" \/>\n<meta property=\"article:publisher\" content=\"https:\/\/facebook.com\/saprea.org\" \/>\n<meta property=\"article:modified_time\" content=\"2025-10-23T15:40:10+00:00\" \/>\n<meta name=\"twitter:card\" content=\"summary_large_image\" \/>\n<meta name=\"twitter:site\" content=\"@saprea_org\" \/>\n<meta name=\"twitter:label1\" content=\"Tiempo de lectura\" \/>\n\t<meta name=\"twitter:data1\" content=\"9 minutos\" \/>\n<script type=\"application\/ld+json\" class=\"yoast-schema-graph\">{\"@context\":\"https:\/\/schema.org\",\"@graph\":[{\"@type\":\"WebPage\",\"@id\":\"https:\/\/nexusitc.dev\/es\/entiende-el-problema-del-abuso-sexual-infantil\/\",\"url\":\"https:\/\/nexusitc.dev\/es\/entiende-el-problema-del-abuso-sexual-infantil\/\",\"name\":\"Entiende el Problema del Abuso Sexual\u00a0 Infantil | Saprea\",\"isPartOf\":{\"@id\":\"https:\/\/nexusitc.dev\/es\/#website\"},\"datePublished\":\"2022-09-22T16:41:11+00:00\",\"dateModified\":\"2025-10-23T15:40:10+00:00\",\"description\":\"El abuso sexual infantil es m\u00e1s com\u00fan de lo que se piensa. Entender la definici\u00f3n, los hechos clave, la sanaci\u00f3n y apoyar a sobrevivientes.\",\"breadcrumb\":{\"@id\":\"https:\/\/nexusitc.dev\/es\/entiende-el-problema-del-abuso-sexual-infantil\/#breadcrumb\"},\"inLanguage\":\"es\",\"potentialAction\":[{\"@type\":\"ReadAction\",\"target\":[\"https:\/\/nexusitc.dev\/es\/entiende-el-problema-del-abuso-sexual-infantil\/\"]}]},{\"@type\":\"BreadcrumbList\",\"@id\":\"https:\/\/nexusitc.dev\/es\/entiende-el-problema-del-abuso-sexual-infantil\/#breadcrumb\",\"itemListElement\":[{\"@type\":\"ListItem\",\"position\":1,\"name\":\"Home\",\"item\":\"https:\/\/nexusitc.dev\/es\/pagina-de-inicio-de-saprea\/\"},{\"@type\":\"ListItem\",\"position\":2,\"name\":\"Entiende el Problema del Abuso Sexual\u00a0 Infantil\"}]},{\"@type\":\"WebSite\",\"@id\":\"https:\/\/nexusitc.dev\/es\/#website\",\"url\":\"https:\/\/nexusitc.dev\/es\/\",\"name\":\"Saprea\",\"description\":\"\",\"publisher\":{\"@id\":\"https:\/\/nexusitc.dev\/es\/#organization\"},\"potentialAction\":[{\"@type\":\"SearchAction\",\"target\":{\"@type\":\"EntryPoint\",\"urlTemplate\":\"https:\/\/nexusitc.dev\/es\/?s={search_term_string}\"},\"query-input\":{\"@type\":\"PropertyValueSpecification\",\"valueRequired\":true,\"valueName\":\"search_term_string\"}}],\"inLanguage\":\"es\"},{\"@type\":\"Organization\",\"@id\":\"https:\/\/nexusitc.dev\/es\/#organization\",\"name\":\"Saprea\",\"url\":\"https:\/\/nexusitc.dev\/es\/\",\"logo\":{\"@type\":\"ImageObject\",\"inLanguage\":\"es\",\"@id\":\"https:\/\/nexusitc.dev\/es\/#\/schema\/logo\/image\/\",\"url\":\"https:\/\/nexusitc.dev\/wp-content\/uploads\/2021\/12\/Vector-7-1.png\",\"contentUrl\":\"https:\/\/nexusitc.dev\/wp-content\/uploads\/2021\/12\/Vector-7-1.png\",\"width\":106,\"height\":105,\"caption\":\"Saprea\"},\"image\":{\"@id\":\"https:\/\/nexusitc.dev\/es\/#\/schema\/logo\/image\/\"},\"sameAs\":[\"https:\/\/facebook.com\/saprea.org\",\"https:\/\/x.com\/saprea_org\",\"https:\/\/instagram.com\/youniquefoundation\",\"https:\/\/pinterest.com\/saprea_org\",\"https:\/\/youtube.com\/c\/saprea_org\"]}]}<\/script>\n<!-- \/ Yoast SEO plugin. -->","yoast_head_json":{"title":"Entiende el Problema del Abuso Sexual\u00a0 Infantil | Saprea","description":"El abuso sexual infantil es m\u00e1s com\u00fan de lo que se piensa. Entender la definici\u00f3n, los hechos clave, la sanaci\u00f3n y apoyar a sobrevivientes.","robots":{"index":"index","follow":"follow","max-snippet":"max-snippet:-1","max-image-preview":"max-image-preview:large","max-video-preview":"max-video-preview:-1"},"canonical":"https:\/\/nexusitc.dev\/es\/entiende-el-problema-del-abuso-sexual-infantil\/","og_locale":"es_ES","og_type":"article","og_title":"Entiende el Problema del Abuso Sexual\u00a0 Infantil | Saprea","og_description":"El abuso sexual infantil es m\u00e1s com\u00fan de lo que se piensa. Entender la definici\u00f3n, los hechos clave, la sanaci\u00f3n y apoyar a sobrevivientes.","og_url":"https:\/\/nexusitc.dev\/es\/entiende-el-problema-del-abuso-sexual-infantil\/","og_site_name":"Saprea","article_publisher":"https:\/\/facebook.com\/saprea.org","article_modified_time":"2025-10-23T15:40:10+00:00","twitter_card":"summary_large_image","twitter_site":"@saprea_org","twitter_misc":{"Tiempo de lectura":"9 minutos"},"schema":{"@context":"https:\/\/schema.org","@graph":[{"@type":"WebPage","@id":"https:\/\/nexusitc.dev\/es\/entiende-el-problema-del-abuso-sexual-infantil\/","url":"https:\/\/nexusitc.dev\/es\/entiende-el-problema-del-abuso-sexual-infantil\/","name":"Entiende el Problema del Abuso Sexual\u00a0 Infantil | Saprea","isPartOf":{"@id":"https:\/\/nexusitc.dev\/es\/#website"},"datePublished":"2022-09-22T16:41:11+00:00","dateModified":"2025-10-23T15:40:10+00:00","description":"El abuso sexual infantil es m\u00e1s com\u00fan de lo que se piensa. Entender la definici\u00f3n, los hechos clave, la sanaci\u00f3n y apoyar a sobrevivientes.","breadcrumb":{"@id":"https:\/\/nexusitc.dev\/es\/entiende-el-problema-del-abuso-sexual-infantil\/#breadcrumb"},"inLanguage":"es","potentialAction":[{"@type":"ReadAction","target":["https:\/\/nexusitc.dev\/es\/entiende-el-problema-del-abuso-sexual-infantil\/"]}]},{"@type":"BreadcrumbList","@id":"https:\/\/nexusitc.dev\/es\/entiende-el-problema-del-abuso-sexual-infantil\/#breadcrumb","itemListElement":[{"@type":"ListItem","position":1,"name":"Home","item":"https:\/\/nexusitc.dev\/es\/pagina-de-inicio-de-saprea\/"},{"@type":"ListItem","position":2,"name":"Entiende el Problema del Abuso Sexual\u00a0 Infantil"}]},{"@type":"WebSite","@id":"https:\/\/nexusitc.dev\/es\/#website","url":"https:\/\/nexusitc.dev\/es\/","name":"Saprea","description":"","publisher":{"@id":"https:\/\/nexusitc.dev\/es\/#organization"},"potentialAction":[{"@type":"SearchAction","target":{"@type":"EntryPoint","urlTemplate":"https:\/\/nexusitc.dev\/es\/?s={search_term_string}"},"query-input":{"@type":"PropertyValueSpecification","valueRequired":true,"valueName":"search_term_string"}}],"inLanguage":"es"},{"@type":"Organization","@id":"https:\/\/nexusitc.dev\/es\/#organization","name":"Saprea","url":"https:\/\/nexusitc.dev\/es\/","logo":{"@type":"ImageObject","inLanguage":"es","@id":"https:\/\/nexusitc.dev\/es\/#\/schema\/logo\/image\/","url":"https:\/\/nexusitc.dev\/wp-content\/uploads\/2021\/12\/Vector-7-1.png","contentUrl":"https:\/\/nexusitc.dev\/wp-content\/uploads\/2021\/12\/Vector-7-1.png","width":106,"height":105,"caption":"Saprea"},"image":{"@id":"https:\/\/nexusitc.dev\/es\/#\/schema\/logo\/image\/"},"sameAs":["https:\/\/facebook.com\/saprea.org","https:\/\/x.com\/saprea_org","https:\/\/instagram.com\/youniquefoundation","https:\/\/pinterest.com\/saprea_org","https:\/\/youtube.com\/c\/saprea_org"]}]}},"_links":{"self":[{"href":"https:\/\/nexusitc.dev\/es\/wp-json\/wp\/v2\/pages\/3235","targetHints":{"allow":["GET"]}}],"collection":[{"href":"https:\/\/nexusitc.dev\/es\/wp-json\/wp\/v2\/pages"}],"about":[{"href":"https:\/\/nexusitc.dev\/es\/wp-json\/wp\/v2\/types\/page"}],"author":[{"embeddable":true,"href":"https:\/\/nexusitc.dev\/es\/wp-json\/wp\/v2\/users\/2"}],"replies":[{"embeddable":true,"href":"https:\/\/nexusitc.dev\/es\/wp-json\/wp\/v2\/comments?post=3235"}],"version-history":[{"count":0,"href":"https:\/\/nexusitc.dev\/es\/wp-json\/wp\/v2\/pages\/3235\/revisions"}],"wp:attachment":[{"href":"https:\/\/nexusitc.dev\/es\/wp-json\/wp\/v2\/media?parent=3235"}],"curies":[{"name":"wp","href":"https:\/\/api.w.org\/{rel}","templated":true}]}}