{"id":4341,"date":"2022-09-21T20:35:46","date_gmt":"2022-09-21T20:35:46","guid":{"rendered":"http:\/\/54.188.8.157\/voluntario-de-saprea\/"},"modified":"2025-11-13T14:08:34","modified_gmt":"2025-11-13T20:08:34","slug":"voluntario","status":"publish","type":"page","link":"https:\/\/nexusitc.dev\/es\/voluntario\/","title":{"rendered":"Voluntario de Saprea"},"content":{"rendered":"<div id=\"cs-content\" class=\"cs-content\"><\/div>\n","protected":false},"excerpt":{"rendered":"<p>S\u00e9 voluntario de SapreaLa erradicaci\u00f3n del abuso sexual infantil s\u00f3lo ser\u00e1 posible con la ayuda de voluntarios apasionados por nuestra causa. Si t\u00fa o tu grupo est\u00e1n comprometidos en liberar a las personas y a la sociedad del abuso sexual infantil y sus impactos, queremos tu ayuda.LLENA LA SOLICITUD DE VOLUNTARIADOFormas de participarENSE\u00d1A A TU [&hellip;]<\/p>\n","protected":false},"author":2,"featured_media":0,"parent":0,"menu_order":0,"comment_status":"closed","ping_status":"closed","template":"","meta":{"footnotes":""},"class_list":["post-4341","page","type-page","status-publish","hentry"],"yoast_head":"<!-- This site is optimized with the Yoast SEO plugin v26.8 - https:\/\/yoast.com\/product\/yoast-seo-wordpress\/ -->\n<title>Voluntario de Saprea | Saprea<\/title>\n<meta name=\"description\" content=\"Hazte voluntario de Saprea e invol\u00facrate en tu comunidad. Imparte clases, recauda fondos o comparte en las redes sociales.\" \/>\n<meta name=\"robots\" content=\"index, follow, max-snippet:-1, max-image-preview:large, max-video-preview:-1\" \/>\n<link rel=\"canonical\" href=\"https:\/\/nexusitc.dev\/es\/voluntario\/\" \/>\n<meta property=\"og:locale\" content=\"es_ES\" \/>\n<meta property=\"og:type\" content=\"article\" \/>\n<meta property=\"og:title\" content=\"Voluntario de Saprea | Saprea\" \/>\n<meta property=\"og:description\" content=\"Hazte voluntario de Saprea e invol\u00facrate en tu comunidad. Imparte clases, recauda fondos o comparte en las redes sociales.\" \/>\n<meta property=\"og:url\" content=\"https:\/\/nexusitc.dev\/es\/voluntario\/\" \/>\n<meta property=\"og:site_name\" content=\"Saprea\" \/>\n<meta property=\"article:publisher\" content=\"https:\/\/facebook.com\/saprea.org\" \/>\n<meta property=\"article:modified_time\" content=\"2025-11-13T20:08:34+00:00\" \/>\n<meta name=\"twitter:card\" content=\"summary_large_image\" \/>\n<meta name=\"twitter:site\" content=\"@saprea_org\" \/>\n<meta name=\"twitter:label1\" content=\"Tiempo de lectura\" \/>\n\t<meta name=\"twitter:data1\" content=\"7 minutos\" \/>\n<script type=\"application\/ld+json\" class=\"yoast-schema-graph\">{\"@context\":\"https:\/\/schema.org\",\"@graph\":[{\"@type\":\"WebPage\",\"@id\":\"https:\/\/nexusitc.dev\/es\/voluntario\/\",\"url\":\"https:\/\/nexusitc.dev\/es\/voluntario\/\",\"name\":\"Voluntario de Saprea | Saprea\",\"isPartOf\":{\"@id\":\"https:\/\/nexusitc.dev\/es\/#website\"},\"datePublished\":\"2022-09-21T20:35:46+00:00\",\"dateModified\":\"2025-11-13T20:08:34+00:00\",\"description\":\"Hazte voluntario de Saprea e invol\u00facrate en tu comunidad. Imparte clases, recauda fondos o comparte en las redes sociales.\",\"breadcrumb\":{\"@id\":\"https:\/\/nexusitc.dev\/es\/voluntario\/#breadcrumb\"},\"inLanguage\":\"es\",\"potentialAction\":[{\"@type\":\"ReadAction\",\"target\":[\"https:\/\/nexusitc.dev\/es\/voluntario\/\"]}]},{\"@type\":\"BreadcrumbList\",\"@id\":\"https:\/\/nexusitc.dev\/es\/voluntario\/#breadcrumb\",\"itemListElement\":[{\"@type\":\"ListItem\",\"position\":1,\"name\":\"Home\",\"item\":\"https:\/\/nexusitc.dev\/es\/pagina-de-inicio-de-saprea\/\"},{\"@type\":\"ListItem\",\"position\":2,\"name\":\"Voluntario de Saprea\"}]},{\"@type\":\"WebSite\",\"@id\":\"https:\/\/nexusitc.dev\/es\/#website\",\"url\":\"https:\/\/nexusitc.dev\/es\/\",\"name\":\"Saprea\",\"description\":\"\",\"publisher\":{\"@id\":\"https:\/\/nexusitc.dev\/es\/#organization\"},\"potentialAction\":[{\"@type\":\"SearchAction\",\"target\":{\"@type\":\"EntryPoint\",\"urlTemplate\":\"https:\/\/nexusitc.dev\/es\/?s={search_term_string}\"},\"query-input\":{\"@type\":\"PropertyValueSpecification\",\"valueRequired\":true,\"valueName\":\"search_term_string\"}}],\"inLanguage\":\"es\"},{\"@type\":\"Organization\",\"@id\":\"https:\/\/nexusitc.dev\/es\/#organization\",\"name\":\"Saprea\",\"url\":\"https:\/\/nexusitc.dev\/es\/\",\"logo\":{\"@type\":\"ImageObject\",\"inLanguage\":\"es\",\"@id\":\"https:\/\/nexusitc.dev\/es\/#\/schema\/logo\/image\/\",\"url\":\"https:\/\/nexusitc.dev\/wp-content\/uploads\/2021\/12\/Vector-7-1.png\",\"contentUrl\":\"https:\/\/nexusitc.dev\/wp-content\/uploads\/2021\/12\/Vector-7-1.png\",\"width\":106,\"height\":105,\"caption\":\"Saprea\"},\"image\":{\"@id\":\"https:\/\/nexusitc.dev\/es\/#\/schema\/logo\/image\/\"},\"sameAs\":[\"https:\/\/facebook.com\/saprea.org\",\"https:\/\/x.com\/saprea_org\",\"https:\/\/instagram.com\/youniquefoundation\",\"https:\/\/pinterest.com\/saprea_org\",\"https:\/\/youtube.com\/c\/saprea_org\"]}]}<\/script>\n<!-- \/ Yoast SEO plugin. -->","yoast_head_json":{"title":"Voluntario de Saprea | Saprea","description":"Hazte voluntario de Saprea e invol\u00facrate en tu comunidad. Imparte clases, recauda fondos o comparte en las redes sociales.","robots":{"index":"index","follow":"follow","max-snippet":"max-snippet:-1","max-image-preview":"max-image-preview:large","max-video-preview":"max-video-preview:-1"},"canonical":"https:\/\/nexusitc.dev\/es\/voluntario\/","og_locale":"es_ES","og_type":"article","og_title":"Voluntario de Saprea | Saprea","og_description":"Hazte voluntario de Saprea e invol\u00facrate en tu comunidad. Imparte clases, recauda fondos o comparte en las redes sociales.","og_url":"https:\/\/nexusitc.dev\/es\/voluntario\/","og_site_name":"Saprea","article_publisher":"https:\/\/facebook.com\/saprea.org","article_modified_time":"2025-11-13T20:08:34+00:00","twitter_card":"summary_large_image","twitter_site":"@saprea_org","twitter_misc":{"Tiempo de lectura":"7 minutos"},"schema":{"@context":"https:\/\/schema.org","@graph":[{"@type":"WebPage","@id":"https:\/\/nexusitc.dev\/es\/voluntario\/","url":"https:\/\/nexusitc.dev\/es\/voluntario\/","name":"Voluntario de Saprea | Saprea","isPartOf":{"@id":"https:\/\/nexusitc.dev\/es\/#website"},"datePublished":"2022-09-21T20:35:46+00:00","dateModified":"2025-11-13T20:08:34+00:00","description":"Hazte voluntario de Saprea e invol\u00facrate en tu comunidad. Imparte clases, recauda fondos o comparte en las redes sociales.","breadcrumb":{"@id":"https:\/\/nexusitc.dev\/es\/voluntario\/#breadcrumb"},"inLanguage":"es","potentialAction":[{"@type":"ReadAction","target":["https:\/\/nexusitc.dev\/es\/voluntario\/"]}]},{"@type":"BreadcrumbList","@id":"https:\/\/nexusitc.dev\/es\/voluntario\/#breadcrumb","itemListElement":[{"@type":"ListItem","position":1,"name":"Home","item":"https:\/\/nexusitc.dev\/es\/pagina-de-inicio-de-saprea\/"},{"@type":"ListItem","position":2,"name":"Voluntario de Saprea"}]},{"@type":"WebSite","@id":"https:\/\/nexusitc.dev\/es\/#website","url":"https:\/\/nexusitc.dev\/es\/","name":"Saprea","description":"","publisher":{"@id":"https:\/\/nexusitc.dev\/es\/#organization"},"potentialAction":[{"@type":"SearchAction","target":{"@type":"EntryPoint","urlTemplate":"https:\/\/nexusitc.dev\/es\/?s={search_term_string}"},"query-input":{"@type":"PropertyValueSpecification","valueRequired":true,"valueName":"search_term_string"}}],"inLanguage":"es"},{"@type":"Organization","@id":"https:\/\/nexusitc.dev\/es\/#organization","name":"Saprea","url":"https:\/\/nexusitc.dev\/es\/","logo":{"@type":"ImageObject","inLanguage":"es","@id":"https:\/\/nexusitc.dev\/es\/#\/schema\/logo\/image\/","url":"https:\/\/nexusitc.dev\/wp-content\/uploads\/2021\/12\/Vector-7-1.png","contentUrl":"https:\/\/nexusitc.dev\/wp-content\/uploads\/2021\/12\/Vector-7-1.png","width":106,"height":105,"caption":"Saprea"},"image":{"@id":"https:\/\/nexusitc.dev\/es\/#\/schema\/logo\/image\/"},"sameAs":["https:\/\/facebook.com\/saprea.org","https:\/\/x.com\/saprea_org","https:\/\/instagram.com\/youniquefoundation","https:\/\/pinterest.com\/saprea_org","https:\/\/youtube.com\/c\/saprea_org"]}]}},"_links":{"self":[{"href":"https:\/\/nexusitc.dev\/es\/wp-json\/wp\/v2\/pages\/4341","targetHints":{"allow":["GET"]}}],"collection":[{"href":"https:\/\/nexusitc.dev\/es\/wp-json\/wp\/v2\/pages"}],"about":[{"href":"https:\/\/nexusitc.dev\/es\/wp-json\/wp\/v2\/types\/page"}],"author":[{"embeddable":true,"href":"https:\/\/nexusitc.dev\/es\/wp-json\/wp\/v2\/users\/2"}],"replies":[{"embeddable":true,"href":"https:\/\/nexusitc.dev\/es\/wp-json\/wp\/v2\/comments?post=4341"}],"version-history":[{"count":3,"href":"https:\/\/nexusitc.dev\/es\/wp-json\/wp\/v2\/pages\/4341\/revisions"}],"predecessor-version":[{"id":33901,"href":"https:\/\/nexusitc.dev\/es\/wp-json\/wp\/v2\/pages\/4341\/revisions\/33901"}],"wp:attachment":[{"href":"https:\/\/nexusitc.dev\/es\/wp-json\/wp\/v2\/media?parent=4341"}],"curies":[{"name":"wp","href":"https:\/\/api.w.org\/{rel}","templated":true}]}}