{"id":7171,"date":"2023-03-23T21:41:57","date_gmt":"2023-03-23T21:41:57","guid":{"rendered":"http:\/\/54.188.8.157\/?page_id=7171"},"modified":"2023-12-15T11:19:58","modified_gmt":"2023-12-15T17:19:58","slug":"blog","status":"publish","type":"page","link":"https:\/\/nexusitc.dev\/es\/blog\/","title":{"rendered":"Saprea blog"},"content":{"rendered":"<div id=\"cs-content\" class=\"cs-content\"><\/div>\n","protected":false},"excerpt":{"rendered":"<p>Blog SapreaAbuso sexual infantil &#8211; Pasar de las estad\u00edsticas a la acci\u00f3n y proteger a los ni\u00f1osComo a muchos de ustedes, las estad\u00edsticas de abuso sexual nunca me hab\u00edan calado antes de que mis seres queridos compartieran sus experiencias, pero desde entonces estas cifras me gritan. Ya no puedo mirar hacia otro lado. No puedo [&hellip;]<\/p>\n","protected":false},"author":2,"featured_media":0,"parent":0,"menu_order":0,"comment_status":"closed","ping_status":"closed","template":"","meta":{"footnotes":""},"class_list":["post-7171","page","type-page","status-publish","hentry"],"yoast_head":"<!-- This site is optimized with the Yoast SEO plugin v26.8 - https:\/\/yoast.com\/product\/yoast-seo-wordpress\/ -->\n<title>Blog en Espa\u00f1ol | Saprea<\/title>\n<meta name=\"description\" content=\"El blog de Saprea contiene art\u00edculos para ayudar a los supervivientes a sanar y a los padres y cuidadores a prevenir el abuso sexual infantil.\" \/>\n<meta name=\"robots\" content=\"index, follow, max-snippet:-1, max-image-preview:large, max-video-preview:-1\" \/>\n<link rel=\"canonical\" href=\"https:\/\/nexusitc.dev\/es\/blog\/\" \/>\n<meta property=\"og:locale\" content=\"es_ES\" \/>\n<meta property=\"og:type\" content=\"article\" \/>\n<meta property=\"og:title\" content=\"Blog en Espa\u00f1ol | Saprea\" \/>\n<meta property=\"og:description\" content=\"El blog de Saprea contiene art\u00edculos para ayudar a los supervivientes a sanar y a los padres y cuidadores a prevenir el abuso sexual infantil.\" \/>\n<meta property=\"og:url\" content=\"https:\/\/nexusitc.dev\/es\/blog\/\" \/>\n<meta property=\"og:site_name\" content=\"Saprea\" \/>\n<meta property=\"article:publisher\" content=\"https:\/\/facebook.com\/saprea.org\" \/>\n<meta property=\"article:modified_time\" content=\"2023-12-15T17:19:58+00:00\" \/>\n<meta name=\"twitter:card\" content=\"summary_large_image\" \/>\n<meta name=\"twitter:site\" content=\"@saprea_org\" \/>\n<meta name=\"twitter:label1\" content=\"Tiempo de lectura\" \/>\n\t<meta name=\"twitter:data1\" content=\"1 minuto\" \/>\n<script type=\"application\/ld+json\" class=\"yoast-schema-graph\">{\"@context\":\"https:\/\/schema.org\",\"@graph\":[{\"@type\":\"WebPage\",\"@id\":\"https:\/\/nexusitc.dev\/es\/blog\/\",\"url\":\"https:\/\/nexusitc.dev\/es\/blog\/\",\"name\":\"Blog en Espa\u00f1ol | Saprea\",\"isPartOf\":{\"@id\":\"https:\/\/nexusitc.dev\/es\/#website\"},\"datePublished\":\"2023-03-23T21:41:57+00:00\",\"dateModified\":\"2023-12-15T17:19:58+00:00\",\"description\":\"El blog de Saprea contiene art\u00edculos para ayudar a los supervivientes a sanar y a los padres y cuidadores a prevenir el abuso sexual infantil.\",\"breadcrumb\":{\"@id\":\"https:\/\/nexusitc.dev\/es\/blog\/#breadcrumb\"},\"inLanguage\":\"es\",\"potentialAction\":[{\"@type\":\"ReadAction\",\"target\":[\"https:\/\/nexusitc.dev\/es\/blog\/\"]}]},{\"@type\":\"BreadcrumbList\",\"@id\":\"https:\/\/nexusitc.dev\/es\/blog\/#breadcrumb\",\"itemListElement\":[{\"@type\":\"ListItem\",\"position\":1,\"name\":\"Home\",\"item\":\"https:\/\/nexusitc.dev\/es\/pagina-de-inicio-de-saprea\/\"},{\"@type\":\"ListItem\",\"position\":2,\"name\":\"Saprea blog\"}]},{\"@type\":\"WebSite\",\"@id\":\"https:\/\/nexusitc.dev\/es\/#website\",\"url\":\"https:\/\/nexusitc.dev\/es\/\",\"name\":\"Saprea\",\"description\":\"\",\"publisher\":{\"@id\":\"https:\/\/nexusitc.dev\/es\/#organization\"},\"potentialAction\":[{\"@type\":\"SearchAction\",\"target\":{\"@type\":\"EntryPoint\",\"urlTemplate\":\"https:\/\/nexusitc.dev\/es\/?s={search_term_string}\"},\"query-input\":{\"@type\":\"PropertyValueSpecification\",\"valueRequired\":true,\"valueName\":\"search_term_string\"}}],\"inLanguage\":\"es\"},{\"@type\":\"Organization\",\"@id\":\"https:\/\/nexusitc.dev\/es\/#organization\",\"name\":\"Saprea\",\"url\":\"https:\/\/nexusitc.dev\/es\/\",\"logo\":{\"@type\":\"ImageObject\",\"inLanguage\":\"es\",\"@id\":\"https:\/\/nexusitc.dev\/es\/#\/schema\/logo\/image\/\",\"url\":\"https:\/\/nexusitc.dev\/wp-content\/uploads\/2021\/12\/Vector-7-1.png\",\"contentUrl\":\"https:\/\/nexusitc.dev\/wp-content\/uploads\/2021\/12\/Vector-7-1.png\",\"width\":106,\"height\":105,\"caption\":\"Saprea\"},\"image\":{\"@id\":\"https:\/\/nexusitc.dev\/es\/#\/schema\/logo\/image\/\"},\"sameAs\":[\"https:\/\/facebook.com\/saprea.org\",\"https:\/\/x.com\/saprea_org\",\"https:\/\/instagram.com\/youniquefoundation\",\"https:\/\/pinterest.com\/saprea_org\",\"https:\/\/youtube.com\/c\/saprea_org\"]}]}<\/script>\n<!-- \/ Yoast SEO plugin. -->","yoast_head_json":{"title":"Blog en Espa\u00f1ol | Saprea","description":"El blog de Saprea contiene art\u00edculos para ayudar a los supervivientes a sanar y a los padres y cuidadores a prevenir el abuso sexual infantil.","robots":{"index":"index","follow":"follow","max-snippet":"max-snippet:-1","max-image-preview":"max-image-preview:large","max-video-preview":"max-video-preview:-1"},"canonical":"https:\/\/nexusitc.dev\/es\/blog\/","og_locale":"es_ES","og_type":"article","og_title":"Blog en Espa\u00f1ol | Saprea","og_description":"El blog de Saprea contiene art\u00edculos para ayudar a los supervivientes a sanar y a los padres y cuidadores a prevenir el abuso sexual infantil.","og_url":"https:\/\/nexusitc.dev\/es\/blog\/","og_site_name":"Saprea","article_publisher":"https:\/\/facebook.com\/saprea.org","article_modified_time":"2023-12-15T17:19:58+00:00","twitter_card":"summary_large_image","twitter_site":"@saprea_org","twitter_misc":{"Tiempo de lectura":"1 minuto"},"schema":{"@context":"https:\/\/schema.org","@graph":[{"@type":"WebPage","@id":"https:\/\/nexusitc.dev\/es\/blog\/","url":"https:\/\/nexusitc.dev\/es\/blog\/","name":"Blog en Espa\u00f1ol | Saprea","isPartOf":{"@id":"https:\/\/nexusitc.dev\/es\/#website"},"datePublished":"2023-03-23T21:41:57+00:00","dateModified":"2023-12-15T17:19:58+00:00","description":"El blog de Saprea contiene art\u00edculos para ayudar a los supervivientes a sanar y a los padres y cuidadores a prevenir el abuso sexual infantil.","breadcrumb":{"@id":"https:\/\/nexusitc.dev\/es\/blog\/#breadcrumb"},"inLanguage":"es","potentialAction":[{"@type":"ReadAction","target":["https:\/\/nexusitc.dev\/es\/blog\/"]}]},{"@type":"BreadcrumbList","@id":"https:\/\/nexusitc.dev\/es\/blog\/#breadcrumb","itemListElement":[{"@type":"ListItem","position":1,"name":"Home","item":"https:\/\/nexusitc.dev\/es\/pagina-de-inicio-de-saprea\/"},{"@type":"ListItem","position":2,"name":"Saprea blog"}]},{"@type":"WebSite","@id":"https:\/\/nexusitc.dev\/es\/#website","url":"https:\/\/nexusitc.dev\/es\/","name":"Saprea","description":"","publisher":{"@id":"https:\/\/nexusitc.dev\/es\/#organization"},"potentialAction":[{"@type":"SearchAction","target":{"@type":"EntryPoint","urlTemplate":"https:\/\/nexusitc.dev\/es\/?s={search_term_string}"},"query-input":{"@type":"PropertyValueSpecification","valueRequired":true,"valueName":"search_term_string"}}],"inLanguage":"es"},{"@type":"Organization","@id":"https:\/\/nexusitc.dev\/es\/#organization","name":"Saprea","url":"https:\/\/nexusitc.dev\/es\/","logo":{"@type":"ImageObject","inLanguage":"es","@id":"https:\/\/nexusitc.dev\/es\/#\/schema\/logo\/image\/","url":"https:\/\/nexusitc.dev\/wp-content\/uploads\/2021\/12\/Vector-7-1.png","contentUrl":"https:\/\/nexusitc.dev\/wp-content\/uploads\/2021\/12\/Vector-7-1.png","width":106,"height":105,"caption":"Saprea"},"image":{"@id":"https:\/\/nexusitc.dev\/es\/#\/schema\/logo\/image\/"},"sameAs":["https:\/\/facebook.com\/saprea.org","https:\/\/x.com\/saprea_org","https:\/\/instagram.com\/youniquefoundation","https:\/\/pinterest.com\/saprea_org","https:\/\/youtube.com\/c\/saprea_org"]}]}},"_links":{"self":[{"href":"https:\/\/nexusitc.dev\/es\/wp-json\/wp\/v2\/pages\/7171","targetHints":{"allow":["GET"]}}],"collection":[{"href":"https:\/\/nexusitc.dev\/es\/wp-json\/wp\/v2\/pages"}],"about":[{"href":"https:\/\/nexusitc.dev\/es\/wp-json\/wp\/v2\/types\/page"}],"author":[{"embeddable":true,"href":"https:\/\/nexusitc.dev\/es\/wp-json\/wp\/v2\/users\/2"}],"replies":[{"embeddable":true,"href":"https:\/\/nexusitc.dev\/es\/wp-json\/wp\/v2\/comments?post=7171"}],"version-history":[{"count":0,"href":"https:\/\/nexusitc.dev\/es\/wp-json\/wp\/v2\/pages\/7171\/revisions"}],"wp:attachment":[{"href":"https:\/\/nexusitc.dev\/es\/wp-json\/wp\/v2\/media?parent=7171"}],"curies":[{"name":"wp","href":"https:\/\/api.w.org\/{rel}","templated":true}]}}