{"id":963,"date":"2022-02-10T17:57:10","date_gmt":"2022-02-10T17:57:10","guid":{"rendered":"http:\/\/54.188.8.157\/educacion-comunitaria\/"},"modified":"2025-12-08T16:34:35","modified_gmt":"2025-12-08T22:34:35","slug":"educacion-comunitaria","status":"publish","type":"page","link":"https:\/\/nexusitc.dev\/es\/educacion-comunitaria\/","title":{"rendered":"Educaci\u00f3n comunitaria"},"content":{"rendered":"<div id=\"cs-content\" class=\"cs-content\"><\/div>\n","protected":false},"excerpt":{"rendered":"<p>Saprea &gt; Educaci\u00f3n comunitariaEnse\u00f1a en Tu ComunidadT\u00fa puedes ayudar a reducir el riesgo de abuso sexual infantil en tu comunidad impartiendo una clase de prevenci\u00f3n. Cada uno de nuestros recursos educativos ha sido desarrollado en colaboraci\u00f3n con profesionales de la salud mental y l\u00edderes de la comunidad. Programa una clase de prevenci\u00f3n de Saprea, descarga [&hellip;]<\/p>\n","protected":false},"author":3,"featured_media":0,"parent":0,"menu_order":0,"comment_status":"closed","ping_status":"closed","template":"","meta":{"footnotes":""},"class_list":["post-963","page","type-page","status-publish","hentry"],"yoast_head":"<!-- This site is optimized with the Yoast SEO plugin v26.8 - https:\/\/yoast.com\/product\/yoast-seo-wordpress\/ -->\n<title>Educaci\u00f3n Comunitaria | Saprea<\/title>\n<meta name=\"description\" content=\"Puedes ayudar reducir riesgo de abuso sexual infantil en tu comunidad dando una clase de prevenci\u00f3n, solicitando una clase de nosotros o siendo voluntario.\" \/>\n<meta name=\"robots\" content=\"index, follow, max-snippet:-1, max-image-preview:large, max-video-preview:-1\" \/>\n<link rel=\"canonical\" href=\"https:\/\/nexusitc.dev\/es\/educacion-comunitaria\/\" \/>\n<meta property=\"og:locale\" content=\"es_ES\" \/>\n<meta property=\"og:type\" content=\"article\" \/>\n<meta property=\"og:title\" content=\"Educaci\u00f3n Comunitaria | Saprea\" \/>\n<meta property=\"og:description\" content=\"Puedes ayudar reducir riesgo de abuso sexual infantil en tu comunidad dando una clase de prevenci\u00f3n, solicitando una clase de nosotros o siendo voluntario.\" \/>\n<meta property=\"og:url\" content=\"https:\/\/nexusitc.dev\/es\/educacion-comunitaria\/\" \/>\n<meta property=\"og:site_name\" content=\"Saprea\" \/>\n<meta property=\"article:publisher\" content=\"https:\/\/facebook.com\/saprea.org\" \/>\n<meta property=\"article:modified_time\" content=\"2025-12-08T22:34:35+00:00\" \/>\n<meta name=\"twitter:card\" content=\"summary_large_image\" \/>\n<meta name=\"twitter:site\" content=\"@saprea_org\" \/>\n<meta name=\"twitter:label1\" content=\"Tiempo de lectura\" \/>\n\t<meta name=\"twitter:data1\" content=\"5 minutos\" \/>\n<script type=\"application\/ld+json\" class=\"yoast-schema-graph\">{\"@context\":\"https:\/\/schema.org\",\"@graph\":[{\"@type\":\"WebPage\",\"@id\":\"https:\/\/nexusitc.dev\/es\/educacion-comunitaria\/\",\"url\":\"https:\/\/nexusitc.dev\/es\/educacion-comunitaria\/\",\"name\":\"Educaci\u00f3n Comunitaria | Saprea\",\"isPartOf\":{\"@id\":\"https:\/\/nexusitc.dev\/es\/#website\"},\"datePublished\":\"2022-02-10T17:57:10+00:00\",\"dateModified\":\"2025-12-08T22:34:35+00:00\",\"description\":\"Puedes ayudar reducir riesgo de abuso sexual infantil en tu comunidad dando una clase de prevenci\u00f3n, solicitando una clase de nosotros o siendo voluntario.\",\"breadcrumb\":{\"@id\":\"https:\/\/nexusitc.dev\/es\/educacion-comunitaria\/#breadcrumb\"},\"inLanguage\":\"es\",\"potentialAction\":[{\"@type\":\"ReadAction\",\"target\":[\"https:\/\/nexusitc.dev\/es\/educacion-comunitaria\/\"]}]},{\"@type\":\"BreadcrumbList\",\"@id\":\"https:\/\/nexusitc.dev\/es\/educacion-comunitaria\/#breadcrumb\",\"itemListElement\":[{\"@type\":\"ListItem\",\"position\":1,\"name\":\"Home\",\"item\":\"https:\/\/nexusitc.dev\/es\/pagina-de-inicio-de-saprea\/\"},{\"@type\":\"ListItem\",\"position\":2,\"name\":\"Educaci\u00f3n comunitaria\"}]},{\"@type\":\"WebSite\",\"@id\":\"https:\/\/nexusitc.dev\/es\/#website\",\"url\":\"https:\/\/nexusitc.dev\/es\/\",\"name\":\"Saprea\",\"description\":\"\",\"publisher\":{\"@id\":\"https:\/\/nexusitc.dev\/es\/#organization\"},\"potentialAction\":[{\"@type\":\"SearchAction\",\"target\":{\"@type\":\"EntryPoint\",\"urlTemplate\":\"https:\/\/nexusitc.dev\/es\/?s={search_term_string}\"},\"query-input\":{\"@type\":\"PropertyValueSpecification\",\"valueRequired\":true,\"valueName\":\"search_term_string\"}}],\"inLanguage\":\"es\"},{\"@type\":\"Organization\",\"@id\":\"https:\/\/nexusitc.dev\/es\/#organization\",\"name\":\"Saprea\",\"url\":\"https:\/\/nexusitc.dev\/es\/\",\"logo\":{\"@type\":\"ImageObject\",\"inLanguage\":\"es\",\"@id\":\"https:\/\/nexusitc.dev\/es\/#\/schema\/logo\/image\/\",\"url\":\"https:\/\/nexusitc.dev\/wp-content\/uploads\/2021\/12\/Vector-7-1.png\",\"contentUrl\":\"https:\/\/nexusitc.dev\/wp-content\/uploads\/2021\/12\/Vector-7-1.png\",\"width\":106,\"height\":105,\"caption\":\"Saprea\"},\"image\":{\"@id\":\"https:\/\/nexusitc.dev\/es\/#\/schema\/logo\/image\/\"},\"sameAs\":[\"https:\/\/facebook.com\/saprea.org\",\"https:\/\/x.com\/saprea_org\",\"https:\/\/instagram.com\/youniquefoundation\",\"https:\/\/pinterest.com\/saprea_org\",\"https:\/\/youtube.com\/c\/saprea_org\"]}]}<\/script>\n<!-- \/ Yoast SEO plugin. -->","yoast_head_json":{"title":"Educaci\u00f3n Comunitaria | Saprea","description":"Puedes ayudar reducir riesgo de abuso sexual infantil en tu comunidad dando una clase de prevenci\u00f3n, solicitando una clase de nosotros o siendo voluntario.","robots":{"index":"index","follow":"follow","max-snippet":"max-snippet:-1","max-image-preview":"max-image-preview:large","max-video-preview":"max-video-preview:-1"},"canonical":"https:\/\/nexusitc.dev\/es\/educacion-comunitaria\/","og_locale":"es_ES","og_type":"article","og_title":"Educaci\u00f3n Comunitaria | Saprea","og_description":"Puedes ayudar reducir riesgo de abuso sexual infantil en tu comunidad dando una clase de prevenci\u00f3n, solicitando una clase de nosotros o siendo voluntario.","og_url":"https:\/\/nexusitc.dev\/es\/educacion-comunitaria\/","og_site_name":"Saprea","article_publisher":"https:\/\/facebook.com\/saprea.org","article_modified_time":"2025-12-08T22:34:35+00:00","twitter_card":"summary_large_image","twitter_site":"@saprea_org","twitter_misc":{"Tiempo de lectura":"5 minutos"},"schema":{"@context":"https:\/\/schema.org","@graph":[{"@type":"WebPage","@id":"https:\/\/nexusitc.dev\/es\/educacion-comunitaria\/","url":"https:\/\/nexusitc.dev\/es\/educacion-comunitaria\/","name":"Educaci\u00f3n Comunitaria | Saprea","isPartOf":{"@id":"https:\/\/nexusitc.dev\/es\/#website"},"datePublished":"2022-02-10T17:57:10+00:00","dateModified":"2025-12-08T22:34:35+00:00","description":"Puedes ayudar reducir riesgo de abuso sexual infantil en tu comunidad dando una clase de prevenci\u00f3n, solicitando una clase de nosotros o siendo voluntario.","breadcrumb":{"@id":"https:\/\/nexusitc.dev\/es\/educacion-comunitaria\/#breadcrumb"},"inLanguage":"es","potentialAction":[{"@type":"ReadAction","target":["https:\/\/nexusitc.dev\/es\/educacion-comunitaria\/"]}]},{"@type":"BreadcrumbList","@id":"https:\/\/nexusitc.dev\/es\/educacion-comunitaria\/#breadcrumb","itemListElement":[{"@type":"ListItem","position":1,"name":"Home","item":"https:\/\/nexusitc.dev\/es\/pagina-de-inicio-de-saprea\/"},{"@type":"ListItem","position":2,"name":"Educaci\u00f3n comunitaria"}]},{"@type":"WebSite","@id":"https:\/\/nexusitc.dev\/es\/#website","url":"https:\/\/nexusitc.dev\/es\/","name":"Saprea","description":"","publisher":{"@id":"https:\/\/nexusitc.dev\/es\/#organization"},"potentialAction":[{"@type":"SearchAction","target":{"@type":"EntryPoint","urlTemplate":"https:\/\/nexusitc.dev\/es\/?s={search_term_string}"},"query-input":{"@type":"PropertyValueSpecification","valueRequired":true,"valueName":"search_term_string"}}],"inLanguage":"es"},{"@type":"Organization","@id":"https:\/\/nexusitc.dev\/es\/#organization","name":"Saprea","url":"https:\/\/nexusitc.dev\/es\/","logo":{"@type":"ImageObject","inLanguage":"es","@id":"https:\/\/nexusitc.dev\/es\/#\/schema\/logo\/image\/","url":"https:\/\/nexusitc.dev\/wp-content\/uploads\/2021\/12\/Vector-7-1.png","contentUrl":"https:\/\/nexusitc.dev\/wp-content\/uploads\/2021\/12\/Vector-7-1.png","width":106,"height":105,"caption":"Saprea"},"image":{"@id":"https:\/\/nexusitc.dev\/es\/#\/schema\/logo\/image\/"},"sameAs":["https:\/\/facebook.com\/saprea.org","https:\/\/x.com\/saprea_org","https:\/\/instagram.com\/youniquefoundation","https:\/\/pinterest.com\/saprea_org","https:\/\/youtube.com\/c\/saprea_org"]}]}},"_links":{"self":[{"href":"https:\/\/nexusitc.dev\/es\/wp-json\/wp\/v2\/pages\/963","targetHints":{"allow":["GET"]}}],"collection":[{"href":"https:\/\/nexusitc.dev\/es\/wp-json\/wp\/v2\/pages"}],"about":[{"href":"https:\/\/nexusitc.dev\/es\/wp-json\/wp\/v2\/types\/page"}],"author":[{"embeddable":true,"href":"https:\/\/nexusitc.dev\/es\/wp-json\/wp\/v2\/users\/3"}],"replies":[{"embeddable":true,"href":"https:\/\/nexusitc.dev\/es\/wp-json\/wp\/v2\/comments?post=963"}],"version-history":[{"count":19,"href":"https:\/\/nexusitc.dev\/es\/wp-json\/wp\/v2\/pages\/963\/revisions"}],"predecessor-version":[{"id":34518,"href":"https:\/\/nexusitc.dev\/es\/wp-json\/wp\/v2\/pages\/963\/revisions\/34518"}],"wp:attachment":[{"href":"https:\/\/nexusitc.dev\/es\/wp-json\/wp\/v2\/media?parent=963"}],"curies":[{"name":"wp","href":"https:\/\/api.w.org\/{rel}","templated":true}]}}