{"id":13179,"date":"2023-09-15T07:33:03","date_gmt":"2023-09-15T13:33:03","guid":{"rendered":"http:\/\/54.188.8.157\/?page_id=13179"},"modified":"2023-09-18T14:42:50","modified_gmt":"2023-09-18T20:42:50","slug":"developper-pensee-aspirationnelle","status":"publish","type":"page","link":"https:\/\/nexusitc.dev\/fr\/guerir\/approche\/developper-pensee-aspirationnelle\/","title":{"rendered":"Ressources de gu\u00e9rison : D\u00e9velopper la pens\u00e9e aspirationnelle"},"content":{"rendered":"<div id=\"cs-content\" class=\"cs-content\"><\/div>\n","protected":false},"excerpt":{"rendered":"<p>Saprea &gt; Ressources de gu\u00e9rison en ligne\u00a0&gt; Notre approche\u00a0&gt;Ressources de gu\u00e9rison : D\u00e9velopper la pens\u00e9e aspirationnelleRessources de gu\u00e9rison :D\u00e9velopper la pens\u00e9e aspirationnelleD\u00e9velopper la pens\u00e9e aspirationnelleLa pens\u00e9e aspirationnelle consiste \u00e0 orienter vos pens\u00e9es vers l&rsquo;avenir que vous souhaitez, avec la conviction que vous pouvez gu\u00e9rir.De nombreux survivants d&rsquo;abus sexuels subis dans l&rsquo;enfance ont des difficult\u00e9s avec [&hellip;]<\/p>\n","protected":false},"author":3,"featured_media":11026,"parent":13059,"menu_order":0,"comment_status":"closed","ping_status":"closed","template":"","meta":{"footnotes":""},"class_list":["post-13179","page","type-page","status-publish","has-post-thumbnail","hentry"],"yoast_head":"<!-- This site is optimized with the Yoast SEO plugin v26.8 - https:\/\/yoast.com\/product\/yoast-seo-wordpress\/ -->\n<title>D\u00e9velopper la pens\u00e9e aspirationnelle | Saprea<\/title>\n<meta name=\"description\" content=\"Qu&#039;est-ce que la pens\u00e9e aspirationnelle ? La pens\u00e9e aspirationnelle consiste \u00e0 orienter ses pens\u00e9es vers l&#039;avenir avec la conviction que l&#039;on peut gu\u00e9rir.\" \/>\n<meta name=\"robots\" content=\"index, follow, max-snippet:-1, max-image-preview:large, max-video-preview:-1\" \/>\n<link rel=\"canonical\" href=\"https:\/\/nexusitc.dev\/fr\/guerir\/approche\/developper-pensee-aspirationnelle\/\" \/>\n<meta property=\"og:locale\" content=\"fr_FR\" \/>\n<meta property=\"og:type\" content=\"article\" \/>\n<meta property=\"og:title\" content=\"D\u00e9velopper la pens\u00e9e aspirationnelle | Saprea\" \/>\n<meta property=\"og:description\" content=\"Qu&#039;est-ce que la pens\u00e9e aspirationnelle ? La pens\u00e9e aspirationnelle consiste \u00e0 orienter ses pens\u00e9es vers l&#039;avenir avec la conviction que l&#039;on peut gu\u00e9rir.\" \/>\n<meta property=\"og:url\" content=\"https:\/\/nexusitc.dev\/fr\/guerir\/approche\/developper-pensee-aspirationnelle\/\" \/>\n<meta property=\"og:site_name\" content=\"Saprea\" \/>\n<meta property=\"article:publisher\" content=\"https:\/\/facebook.com\/saprea.org\" \/>\n<meta property=\"article:modified_time\" content=\"2023-09-18T20:42:50+00:00\" \/>\n<meta property=\"og:image\" content=\"https:\/\/nexusitc.dev\/wp-content\/uploads\/2023\/07\/TYF_HealingResources_DevelopingAspirationalThinking.jpg\" \/>\n\t<meta property=\"og:image:width\" content=\"1600\" \/>\n\t<meta property=\"og:image:height\" content=\"900\" \/>\n\t<meta property=\"og:image:type\" content=\"image\/jpeg\" \/>\n<meta name=\"twitter:card\" content=\"summary_large_image\" \/>\n<meta name=\"twitter:site\" content=\"@saprea_org\" \/>\n<meta name=\"twitter:label1\" content=\"Dur\u00e9e de lecture estim\u00e9e\" \/>\n\t<meta name=\"twitter:data1\" content=\"1 minute\" \/>\n<script type=\"application\/ld+json\" class=\"yoast-schema-graph\">{\"@context\":\"https:\/\/schema.org\",\"@graph\":[{\"@type\":\"WebPage\",\"@id\":\"https:\/\/nexusitc.dev\/fr\/guerir\/approche\/developper-pensee-aspirationnelle\/\",\"url\":\"https:\/\/nexusitc.dev\/fr\/guerir\/approche\/developper-pensee-aspirationnelle\/\",\"name\":\"D\u00e9velopper la pens\u00e9e aspirationnelle | Saprea\",\"isPartOf\":{\"@id\":\"https:\/\/nexusitc.dev\/fr\/#website\"},\"primaryImageOfPage\":{\"@id\":\"https:\/\/nexusitc.dev\/fr\/guerir\/approche\/developper-pensee-aspirationnelle\/#primaryimage\"},\"image\":{\"@id\":\"https:\/\/nexusitc.dev\/fr\/guerir\/approche\/developper-pensee-aspirationnelle\/#primaryimage\"},\"thumbnailUrl\":\"https:\/\/nexusitc.dev\/wp-content\/uploads\/2023\/07\/TYF_HealingResources_DevelopingAspirationalThinking.jpg\",\"datePublished\":\"2023-09-15T13:33:03+00:00\",\"dateModified\":\"2023-09-18T20:42:50+00:00\",\"description\":\"Qu'est-ce que la pens\u00e9e aspirationnelle ? La pens\u00e9e aspirationnelle consiste \u00e0 orienter ses pens\u00e9es vers l'avenir avec la conviction que l'on peut gu\u00e9rir.\",\"breadcrumb\":{\"@id\":\"https:\/\/nexusitc.dev\/fr\/guerir\/approche\/developper-pensee-aspirationnelle\/#breadcrumb\"},\"inLanguage\":\"fr-FR\",\"potentialAction\":[{\"@type\":\"ReadAction\",\"target\":[\"https:\/\/nexusitc.dev\/fr\/guerir\/approche\/developper-pensee-aspirationnelle\/\"]}]},{\"@type\":\"ImageObject\",\"inLanguage\":\"fr-FR\",\"@id\":\"https:\/\/nexusitc.dev\/fr\/guerir\/approche\/developper-pensee-aspirationnelle\/#primaryimage\",\"url\":\"https:\/\/nexusitc.dev\/wp-content\/uploads\/2023\/07\/TYF_HealingResources_DevelopingAspirationalThinking.jpg\",\"contentUrl\":\"https:\/\/nexusitc.dev\/wp-content\/uploads\/2023\/07\/TYF_HealingResources_DevelopingAspirationalThinking.jpg\",\"width\":1600,\"height\":900,\"caption\":\"Close-up of thoughtful mid adult woman with curly hair looking away at park\"},{\"@type\":\"BreadcrumbList\",\"@id\":\"https:\/\/nexusitc.dev\/fr\/guerir\/approche\/developper-pensee-aspirationnelle\/#breadcrumb\",\"itemListElement\":[{\"@type\":\"ListItem\",\"position\":1,\"name\":\"Home\",\"item\":\"https:\/\/nexusitc.dev\/fr\/page-daccueil-saprea\/\"},{\"@type\":\"ListItem\",\"position\":2,\"name\":\"Gu\u00e9rir des abus sexuels\",\"item\":\"https:\/\/nexusitc.dev\/fr\/guerir\/\"},{\"@type\":\"ListItem\",\"position\":3,\"name\":\"Notre approche de la gu\u00e9rison des abus sexuels subis dans l&rsquo;enfance\",\"item\":\"https:\/\/nexusitc.dev\/fr\/guerir\/approche\/\"},{\"@type\":\"ListItem\",\"position\":4,\"name\":\"Ressources de gu\u00e9rison : D\u00e9velopper la pens\u00e9e aspirationnelle\"}]},{\"@type\":\"WebSite\",\"@id\":\"https:\/\/nexusitc.dev\/fr\/#website\",\"url\":\"https:\/\/nexusitc.dev\/fr\/\",\"name\":\"Saprea\",\"description\":\"\",\"publisher\":{\"@id\":\"https:\/\/nexusitc.dev\/fr\/#organization\"},\"potentialAction\":[{\"@type\":\"SearchAction\",\"target\":{\"@type\":\"EntryPoint\",\"urlTemplate\":\"https:\/\/nexusitc.dev\/fr\/?s={search_term_string}\"},\"query-input\":{\"@type\":\"PropertyValueSpecification\",\"valueRequired\":true,\"valueName\":\"search_term_string\"}}],\"inLanguage\":\"fr-FR\"},{\"@type\":\"Organization\",\"@id\":\"https:\/\/nexusitc.dev\/fr\/#organization\",\"name\":\"Saprea\",\"url\":\"https:\/\/nexusitc.dev\/fr\/\",\"logo\":{\"@type\":\"ImageObject\",\"inLanguage\":\"fr-FR\",\"@id\":\"https:\/\/nexusitc.dev\/fr\/#\/schema\/logo\/image\/\",\"url\":\"https:\/\/nexusitc.dev\/wp-content\/uploads\/2021\/12\/Vector-7-1.png\",\"contentUrl\":\"https:\/\/nexusitc.dev\/wp-content\/uploads\/2021\/12\/Vector-7-1.png\",\"width\":106,\"height\":105,\"caption\":\"Saprea\"},\"image\":{\"@id\":\"https:\/\/nexusitc.dev\/fr\/#\/schema\/logo\/image\/\"},\"sameAs\":[\"https:\/\/facebook.com\/saprea.org\",\"https:\/\/x.com\/saprea_org\",\"https:\/\/instagram.com\/youniquefoundation\",\"https:\/\/pinterest.com\/saprea_org\",\"https:\/\/youtube.com\/c\/saprea_org\"]}]}<\/script>\n<!-- \/ Yoast SEO plugin. -->","yoast_head_json":{"title":"D\u00e9velopper la pens\u00e9e aspirationnelle | Saprea","description":"Qu'est-ce que la pens\u00e9e aspirationnelle ? La pens\u00e9e aspirationnelle consiste \u00e0 orienter ses pens\u00e9es vers l'avenir avec la conviction que l'on peut gu\u00e9rir.","robots":{"index":"index","follow":"follow","max-snippet":"max-snippet:-1","max-image-preview":"max-image-preview:large","max-video-preview":"max-video-preview:-1"},"canonical":"https:\/\/nexusitc.dev\/fr\/guerir\/approche\/developper-pensee-aspirationnelle\/","og_locale":"fr_FR","og_type":"article","og_title":"D\u00e9velopper la pens\u00e9e aspirationnelle | Saprea","og_description":"Qu'est-ce que la pens\u00e9e aspirationnelle ? La pens\u00e9e aspirationnelle consiste \u00e0 orienter ses pens\u00e9es vers l'avenir avec la conviction que l'on peut gu\u00e9rir.","og_url":"https:\/\/nexusitc.dev\/fr\/guerir\/approche\/developper-pensee-aspirationnelle\/","og_site_name":"Saprea","article_publisher":"https:\/\/facebook.com\/saprea.org","article_modified_time":"2023-09-18T20:42:50+00:00","og_image":[{"width":1600,"height":900,"url":"https:\/\/nexusitc.dev\/wp-content\/uploads\/2023\/07\/TYF_HealingResources_DevelopingAspirationalThinking.jpg","type":"image\/jpeg"}],"twitter_card":"summary_large_image","twitter_site":"@saprea_org","twitter_misc":{"Dur\u00e9e de lecture estim\u00e9e":"1 minute"},"schema":{"@context":"https:\/\/schema.org","@graph":[{"@type":"WebPage","@id":"https:\/\/nexusitc.dev\/fr\/guerir\/approche\/developper-pensee-aspirationnelle\/","url":"https:\/\/nexusitc.dev\/fr\/guerir\/approche\/developper-pensee-aspirationnelle\/","name":"D\u00e9velopper la pens\u00e9e aspirationnelle | Saprea","isPartOf":{"@id":"https:\/\/nexusitc.dev\/fr\/#website"},"primaryImageOfPage":{"@id":"https:\/\/nexusitc.dev\/fr\/guerir\/approche\/developper-pensee-aspirationnelle\/#primaryimage"},"image":{"@id":"https:\/\/nexusitc.dev\/fr\/guerir\/approche\/developper-pensee-aspirationnelle\/#primaryimage"},"thumbnailUrl":"https:\/\/nexusitc.dev\/wp-content\/uploads\/2023\/07\/TYF_HealingResources_DevelopingAspirationalThinking.jpg","datePublished":"2023-09-15T13:33:03+00:00","dateModified":"2023-09-18T20:42:50+00:00","description":"Qu'est-ce que la pens\u00e9e aspirationnelle ? La pens\u00e9e aspirationnelle consiste \u00e0 orienter ses pens\u00e9es vers l'avenir avec la conviction que l'on peut gu\u00e9rir.","breadcrumb":{"@id":"https:\/\/nexusitc.dev\/fr\/guerir\/approche\/developper-pensee-aspirationnelle\/#breadcrumb"},"inLanguage":"fr-FR","potentialAction":[{"@type":"ReadAction","target":["https:\/\/nexusitc.dev\/fr\/guerir\/approche\/developper-pensee-aspirationnelle\/"]}]},{"@type":"ImageObject","inLanguage":"fr-FR","@id":"https:\/\/nexusitc.dev\/fr\/guerir\/approche\/developper-pensee-aspirationnelle\/#primaryimage","url":"https:\/\/nexusitc.dev\/wp-content\/uploads\/2023\/07\/TYF_HealingResources_DevelopingAspirationalThinking.jpg","contentUrl":"https:\/\/nexusitc.dev\/wp-content\/uploads\/2023\/07\/TYF_HealingResources_DevelopingAspirationalThinking.jpg","width":1600,"height":900,"caption":"Close-up of thoughtful mid adult woman with curly hair looking away at park"},{"@type":"BreadcrumbList","@id":"https:\/\/nexusitc.dev\/fr\/guerir\/approche\/developper-pensee-aspirationnelle\/#breadcrumb","itemListElement":[{"@type":"ListItem","position":1,"name":"Home","item":"https:\/\/nexusitc.dev\/fr\/page-daccueil-saprea\/"},{"@type":"ListItem","position":2,"name":"Gu\u00e9rir des abus sexuels","item":"https:\/\/nexusitc.dev\/fr\/guerir\/"},{"@type":"ListItem","position":3,"name":"Notre approche de la gu\u00e9rison des abus sexuels subis dans l&rsquo;enfance","item":"https:\/\/nexusitc.dev\/fr\/guerir\/approche\/"},{"@type":"ListItem","position":4,"name":"Ressources de gu\u00e9rison : D\u00e9velopper la pens\u00e9e aspirationnelle"}]},{"@type":"WebSite","@id":"https:\/\/nexusitc.dev\/fr\/#website","url":"https:\/\/nexusitc.dev\/fr\/","name":"Saprea","description":"","publisher":{"@id":"https:\/\/nexusitc.dev\/fr\/#organization"},"potentialAction":[{"@type":"SearchAction","target":{"@type":"EntryPoint","urlTemplate":"https:\/\/nexusitc.dev\/fr\/?s={search_term_string}"},"query-input":{"@type":"PropertyValueSpecification","valueRequired":true,"valueName":"search_term_string"}}],"inLanguage":"fr-FR"},{"@type":"Organization","@id":"https:\/\/nexusitc.dev\/fr\/#organization","name":"Saprea","url":"https:\/\/nexusitc.dev\/fr\/","logo":{"@type":"ImageObject","inLanguage":"fr-FR","@id":"https:\/\/nexusitc.dev\/fr\/#\/schema\/logo\/image\/","url":"https:\/\/nexusitc.dev\/wp-content\/uploads\/2021\/12\/Vector-7-1.png","contentUrl":"https:\/\/nexusitc.dev\/wp-content\/uploads\/2021\/12\/Vector-7-1.png","width":106,"height":105,"caption":"Saprea"},"image":{"@id":"https:\/\/nexusitc.dev\/fr\/#\/schema\/logo\/image\/"},"sameAs":["https:\/\/facebook.com\/saprea.org","https:\/\/x.com\/saprea_org","https:\/\/instagram.com\/youniquefoundation","https:\/\/pinterest.com\/saprea_org","https:\/\/youtube.com\/c\/saprea_org"]}]}},"_links":{"self":[{"href":"https:\/\/nexusitc.dev\/fr\/wp-json\/wp\/v2\/pages\/13179","targetHints":{"allow":["GET"]}}],"collection":[{"href":"https:\/\/nexusitc.dev\/fr\/wp-json\/wp\/v2\/pages"}],"about":[{"href":"https:\/\/nexusitc.dev\/fr\/wp-json\/wp\/v2\/types\/page"}],"author":[{"embeddable":true,"href":"https:\/\/nexusitc.dev\/fr\/wp-json\/wp\/v2\/users\/3"}],"replies":[{"embeddable":true,"href":"https:\/\/nexusitc.dev\/fr\/wp-json\/wp\/v2\/comments?post=13179"}],"version-history":[{"count":0,"href":"https:\/\/nexusitc.dev\/fr\/wp-json\/wp\/v2\/pages\/13179\/revisions"}],"up":[{"embeddable":true,"href":"https:\/\/nexusitc.dev\/fr\/wp-json\/wp\/v2\/pages\/13059"}],"wp:featuredmedia":[{"embeddable":true,"href":"https:\/\/nexusitc.dev\/fr\/wp-json\/wp\/v2\/media\/11026"}],"wp:attachment":[{"href":"https:\/\/nexusitc.dev\/fr\/wp-json\/wp\/v2\/media?parent=13179"}],"curies":[{"name":"wp","href":"https:\/\/api.w.org\/{rel}","templated":true}]}}