{"id":3224,"date":"2022-09-22T16:41:34","date_gmt":"2022-09-22T16:41:34","guid":{"rendered":"https:\/\/nexusitc.dev\/?page_id=3224"},"modified":"2025-10-13T11:32:46","modified_gmt":"2025-10-13T17:32:46","slug":"comprendre-le-probleme-abus-sexuel-sur-mineurs","status":"publish","type":"page","link":"https:\/\/nexusitc.dev\/fr\/comprendre-le-probleme-abus-sexuel-sur-mineurs\/","title":{"rendered":"Comprendre le probl\u00e8me de l&rsquo;abus sexuel sur mineurs"},"content":{"rendered":"<div id=\"cs-content\" class=\"cs-content\"><\/div>\n","protected":false},"excerpt":{"rendered":"<p>Saprea &gt; Comprendre le probl\u00e8me de l&rsquo;abus sexuel sur mineursComprendreComprendre le probl\u00e8me de l&rsquo;abus sexuel sur mineursLes parents peuvent avoir du mal \u00e0 envisager la possibilit\u00e9 que leur enfant puisse \u00eatre affect\u00e9 par un abus sexuel, mais il est important de se rappeler que\u00a0les abus sexuels sont un probl\u00e8me qui ne peut \u00eatre ignor\u00e9.ComprendreComprendre le [&hellip;]<\/p>\n","protected":false},"author":2,"featured_media":0,"parent":0,"menu_order":0,"comment_status":"closed","ping_status":"closed","template":"","meta":{"footnotes":""},"class_list":["post-3224","page","type-page","status-publish","hentry"],"yoast_head":"<!-- This site is optimized with the Yoast SEO plugin v26.8 - https:\/\/yoast.com\/product\/yoast-seo-wordpress\/ -->\n<title>Comprendre le Probl\u00e8me des Abus Sexuels sur Mineurs | Saprea<\/title>\n<meta name=\"description\" content=\"Les abus sexuels sur mineurs sont plus fr\u00e9quents qu&#039;on ne le pense. D\u00e9couvrez la d\u00e9finition, les faits essentiels, et la gu\u00e9rison.\" \/>\n<meta name=\"robots\" content=\"index, follow, max-snippet:-1, max-image-preview:large, max-video-preview:-1\" \/>\n<link rel=\"canonical\" href=\"https:\/\/nexusitc.dev\/fr\/comprendre-le-probleme-abus-sexuel-sur-mineurs\/\" \/>\n<meta property=\"og:locale\" content=\"fr_FR\" \/>\n<meta property=\"og:type\" content=\"article\" \/>\n<meta property=\"og:title\" content=\"Comprendre le Probl\u00e8me des Abus Sexuels sur Mineurs | Saprea\" \/>\n<meta property=\"og:description\" content=\"Les abus sexuels sur mineurs sont plus fr\u00e9quents qu&#039;on ne le pense. D\u00e9couvrez la d\u00e9finition, les faits essentiels, et la gu\u00e9rison.\" \/>\n<meta property=\"og:url\" content=\"https:\/\/nexusitc.dev\/fr\/comprendre-le-probleme-abus-sexuel-sur-mineurs\/\" \/>\n<meta property=\"og:site_name\" content=\"Saprea\" \/>\n<meta property=\"article:publisher\" content=\"https:\/\/facebook.com\/saprea.org\" \/>\n<meta property=\"article:modified_time\" content=\"2025-10-13T17:32:46+00:00\" \/>\n<meta name=\"twitter:card\" content=\"summary_large_image\" \/>\n<meta name=\"twitter:site\" content=\"@saprea_org\" \/>\n<meta name=\"twitter:label1\" content=\"Dur\u00e9e de lecture estim\u00e9e\" \/>\n\t<meta name=\"twitter:data1\" content=\"9 minutes\" \/>\n<script type=\"application\/ld+json\" class=\"yoast-schema-graph\">{\"@context\":\"https:\/\/schema.org\",\"@graph\":[{\"@type\":\"WebPage\",\"@id\":\"https:\/\/nexusitc.dev\/fr\/comprendre-le-probleme-abus-sexuel-sur-mineurs\/\",\"url\":\"https:\/\/nexusitc.dev\/fr\/comprendre-le-probleme-abus-sexuel-sur-mineurs\/\",\"name\":\"Comprendre le Probl\u00e8me des Abus Sexuels sur Mineurs | Saprea\",\"isPartOf\":{\"@id\":\"https:\/\/nexusitc.dev\/fr\/#website\"},\"datePublished\":\"2022-09-22T16:41:34+00:00\",\"dateModified\":\"2025-10-13T17:32:46+00:00\",\"description\":\"Les abus sexuels sur mineurs sont plus fr\u00e9quents qu'on ne le pense. D\u00e9couvrez la d\u00e9finition, les faits essentiels, et la gu\u00e9rison.\",\"breadcrumb\":{\"@id\":\"https:\/\/nexusitc.dev\/fr\/comprendre-le-probleme-abus-sexuel-sur-mineurs\/#breadcrumb\"},\"inLanguage\":\"fr-FR\",\"potentialAction\":[{\"@type\":\"ReadAction\",\"target\":[\"https:\/\/nexusitc.dev\/fr\/comprendre-le-probleme-abus-sexuel-sur-mineurs\/\"]}]},{\"@type\":\"BreadcrumbList\",\"@id\":\"https:\/\/nexusitc.dev\/fr\/comprendre-le-probleme-abus-sexuel-sur-mineurs\/#breadcrumb\",\"itemListElement\":[{\"@type\":\"ListItem\",\"position\":1,\"name\":\"Home\",\"item\":\"https:\/\/nexusitc.dev\/fr\/page-daccueil-saprea\/\"},{\"@type\":\"ListItem\",\"position\":2,\"name\":\"Comprendre le probl\u00e8me de l&#8217;abus sexuel sur mineurs\"}]},{\"@type\":\"WebSite\",\"@id\":\"https:\/\/nexusitc.dev\/fr\/#website\",\"url\":\"https:\/\/nexusitc.dev\/fr\/\",\"name\":\"Saprea\",\"description\":\"\",\"publisher\":{\"@id\":\"https:\/\/nexusitc.dev\/fr\/#organization\"},\"potentialAction\":[{\"@type\":\"SearchAction\",\"target\":{\"@type\":\"EntryPoint\",\"urlTemplate\":\"https:\/\/nexusitc.dev\/fr\/?s={search_term_string}\"},\"query-input\":{\"@type\":\"PropertyValueSpecification\",\"valueRequired\":true,\"valueName\":\"search_term_string\"}}],\"inLanguage\":\"fr-FR\"},{\"@type\":\"Organization\",\"@id\":\"https:\/\/nexusitc.dev\/fr\/#organization\",\"name\":\"Saprea\",\"url\":\"https:\/\/nexusitc.dev\/fr\/\",\"logo\":{\"@type\":\"ImageObject\",\"inLanguage\":\"fr-FR\",\"@id\":\"https:\/\/nexusitc.dev\/fr\/#\/schema\/logo\/image\/\",\"url\":\"https:\/\/nexusitc.dev\/wp-content\/uploads\/2021\/12\/Vector-7-1.png\",\"contentUrl\":\"https:\/\/nexusitc.dev\/wp-content\/uploads\/2021\/12\/Vector-7-1.png\",\"width\":106,\"height\":105,\"caption\":\"Saprea\"},\"image\":{\"@id\":\"https:\/\/nexusitc.dev\/fr\/#\/schema\/logo\/image\/\"},\"sameAs\":[\"https:\/\/facebook.com\/saprea.org\",\"https:\/\/x.com\/saprea_org\",\"https:\/\/instagram.com\/youniquefoundation\",\"https:\/\/pinterest.com\/saprea_org\",\"https:\/\/youtube.com\/c\/saprea_org\"]}]}<\/script>\n<!-- \/ Yoast SEO plugin. -->","yoast_head_json":{"title":"Comprendre le Probl\u00e8me des Abus Sexuels sur Mineurs | Saprea","description":"Les abus sexuels sur mineurs sont plus fr\u00e9quents qu'on ne le pense. D\u00e9couvrez la d\u00e9finition, les faits essentiels, et la gu\u00e9rison.","robots":{"index":"index","follow":"follow","max-snippet":"max-snippet:-1","max-image-preview":"max-image-preview:large","max-video-preview":"max-video-preview:-1"},"canonical":"https:\/\/nexusitc.dev\/fr\/comprendre-le-probleme-abus-sexuel-sur-mineurs\/","og_locale":"fr_FR","og_type":"article","og_title":"Comprendre le Probl\u00e8me des Abus Sexuels sur Mineurs | Saprea","og_description":"Les abus sexuels sur mineurs sont plus fr\u00e9quents qu'on ne le pense. D\u00e9couvrez la d\u00e9finition, les faits essentiels, et la gu\u00e9rison.","og_url":"https:\/\/nexusitc.dev\/fr\/comprendre-le-probleme-abus-sexuel-sur-mineurs\/","og_site_name":"Saprea","article_publisher":"https:\/\/facebook.com\/saprea.org","article_modified_time":"2025-10-13T17:32:46+00:00","twitter_card":"summary_large_image","twitter_site":"@saprea_org","twitter_misc":{"Dur\u00e9e de lecture estim\u00e9e":"9 minutes"},"schema":{"@context":"https:\/\/schema.org","@graph":[{"@type":"WebPage","@id":"https:\/\/nexusitc.dev\/fr\/comprendre-le-probleme-abus-sexuel-sur-mineurs\/","url":"https:\/\/nexusitc.dev\/fr\/comprendre-le-probleme-abus-sexuel-sur-mineurs\/","name":"Comprendre le Probl\u00e8me des Abus Sexuels sur Mineurs | Saprea","isPartOf":{"@id":"https:\/\/nexusitc.dev\/fr\/#website"},"datePublished":"2022-09-22T16:41:34+00:00","dateModified":"2025-10-13T17:32:46+00:00","description":"Les abus sexuels sur mineurs sont plus fr\u00e9quents qu'on ne le pense. D\u00e9couvrez la d\u00e9finition, les faits essentiels, et la gu\u00e9rison.","breadcrumb":{"@id":"https:\/\/nexusitc.dev\/fr\/comprendre-le-probleme-abus-sexuel-sur-mineurs\/#breadcrumb"},"inLanguage":"fr-FR","potentialAction":[{"@type":"ReadAction","target":["https:\/\/nexusitc.dev\/fr\/comprendre-le-probleme-abus-sexuel-sur-mineurs\/"]}]},{"@type":"BreadcrumbList","@id":"https:\/\/nexusitc.dev\/fr\/comprendre-le-probleme-abus-sexuel-sur-mineurs\/#breadcrumb","itemListElement":[{"@type":"ListItem","position":1,"name":"Home","item":"https:\/\/nexusitc.dev\/fr\/page-daccueil-saprea\/"},{"@type":"ListItem","position":2,"name":"Comprendre le probl\u00e8me de l&#8217;abus sexuel sur mineurs"}]},{"@type":"WebSite","@id":"https:\/\/nexusitc.dev\/fr\/#website","url":"https:\/\/nexusitc.dev\/fr\/","name":"Saprea","description":"","publisher":{"@id":"https:\/\/nexusitc.dev\/fr\/#organization"},"potentialAction":[{"@type":"SearchAction","target":{"@type":"EntryPoint","urlTemplate":"https:\/\/nexusitc.dev\/fr\/?s={search_term_string}"},"query-input":{"@type":"PropertyValueSpecification","valueRequired":true,"valueName":"search_term_string"}}],"inLanguage":"fr-FR"},{"@type":"Organization","@id":"https:\/\/nexusitc.dev\/fr\/#organization","name":"Saprea","url":"https:\/\/nexusitc.dev\/fr\/","logo":{"@type":"ImageObject","inLanguage":"fr-FR","@id":"https:\/\/nexusitc.dev\/fr\/#\/schema\/logo\/image\/","url":"https:\/\/nexusitc.dev\/wp-content\/uploads\/2021\/12\/Vector-7-1.png","contentUrl":"https:\/\/nexusitc.dev\/wp-content\/uploads\/2021\/12\/Vector-7-1.png","width":106,"height":105,"caption":"Saprea"},"image":{"@id":"https:\/\/nexusitc.dev\/fr\/#\/schema\/logo\/image\/"},"sameAs":["https:\/\/facebook.com\/saprea.org","https:\/\/x.com\/saprea_org","https:\/\/instagram.com\/youniquefoundation","https:\/\/pinterest.com\/saprea_org","https:\/\/youtube.com\/c\/saprea_org"]}]}},"_links":{"self":[{"href":"https:\/\/nexusitc.dev\/fr\/wp-json\/wp\/v2\/pages\/3224","targetHints":{"allow":["GET"]}}],"collection":[{"href":"https:\/\/nexusitc.dev\/fr\/wp-json\/wp\/v2\/pages"}],"about":[{"href":"https:\/\/nexusitc.dev\/fr\/wp-json\/wp\/v2\/types\/page"}],"author":[{"embeddable":true,"href":"https:\/\/nexusitc.dev\/fr\/wp-json\/wp\/v2\/users\/2"}],"replies":[{"embeddable":true,"href":"https:\/\/nexusitc.dev\/fr\/wp-json\/wp\/v2\/comments?post=3224"}],"version-history":[{"count":0,"href":"https:\/\/nexusitc.dev\/fr\/wp-json\/wp\/v2\/pages\/3224\/revisions"}],"wp:attachment":[{"href":"https:\/\/nexusitc.dev\/fr\/wp-json\/wp\/v2\/media?parent=3224"}],"curies":[{"name":"wp","href":"https:\/\/api.w.org\/{rel}","templated":true}]}}