{"id":953,"date":"2022-02-10T17:57:08","date_gmt":"2022-02-10T17:57:08","guid":{"rendered":"http:\/\/54.188.8.157\/foire-aux-questions\/"},"modified":"2025-06-05T10:56:56","modified_gmt":"2025-06-05T16:56:56","slug":"foire-aux-questions","status":"publish","type":"page","link":"https:\/\/nexusitc.dev\/fr\/foire-aux-questions\/","title":{"rendered":"Foire aux questions"},"content":{"rendered":"<div id=\"cs-content\" class=\"cs-content\"><\/div>\n","protected":false},"excerpt":{"rendered":"<p>Foire aux questionsVous trouverez ci-dessous les r&eacute;ponses aux questions les plus fr&eacute;quemment pos&eacute;es. Continuez &agrave; naviguer ou utilisez les boutons ci-dessous pour acc&eacute;der &agrave; un sujet sp&eacute;cifique.G\u00e9n\u00e9ralRetraite SapreaWebinaire de gu\u00e9rison Groupes de soutienDonsG\u00e9n\u00e9ralComment signaler un abus sexuel sur un mineur ? Aux &Eacute;tats-Unis, vous devez signaler un abus sexuel aux services de protection de l&rsquo;enfance [&hellip;]<\/p>\n","protected":false},"author":3,"featured_media":0,"parent":0,"menu_order":0,"comment_status":"closed","ping_status":"closed","template":"","meta":{"footnotes":""},"class_list":["post-953","page","type-page","status-publish","hentry"],"yoast_head":"<!-- This site is optimized with the Yoast SEO plugin v26.8 - https:\/\/yoast.com\/product\/yoast-seo-wordpress\/ -->\n<title>Foire aux Questions | Saprea<\/title>\n<meta name=\"description\" content=\"Voici une liste des questions les plus fr\u00e9quemment pos\u00e9es sur Saprea et sa retraite. Vous ne trouvez pas ce que vous cherchez ? Faites-le nous savoir !\" \/>\n<meta name=\"robots\" content=\"index, follow, max-snippet:-1, max-image-preview:large, max-video-preview:-1\" \/>\n<link rel=\"canonical\" href=\"https:\/\/nexusitc.dev\/fr\/foire-aux-questions\/\" \/>\n<meta property=\"og:locale\" content=\"fr_FR\" \/>\n<meta property=\"og:type\" content=\"article\" \/>\n<meta property=\"og:title\" content=\"Foire aux Questions | Saprea\" \/>\n<meta property=\"og:description\" content=\"Voici une liste des questions les plus fr\u00e9quemment pos\u00e9es sur Saprea et sa retraite. Vous ne trouvez pas ce que vous cherchez ? Faites-le nous savoir !\" \/>\n<meta property=\"og:url\" content=\"https:\/\/nexusitc.dev\/fr\/foire-aux-questions\/\" \/>\n<meta property=\"og:site_name\" content=\"Saprea\" \/>\n<meta property=\"article:publisher\" content=\"https:\/\/facebook.com\/saprea.org\" \/>\n<meta property=\"article:modified_time\" content=\"2025-06-05T16:56:56+00:00\" \/>\n<meta name=\"twitter:card\" content=\"summary_large_image\" \/>\n<meta name=\"twitter:site\" content=\"@saprea_org\" \/>\n<meta name=\"twitter:label1\" content=\"Dur\u00e9e de lecture estim\u00e9e\" \/>\n\t<meta name=\"twitter:data1\" content=\"17 minutes\" \/>\n<script type=\"application\/ld+json\" class=\"yoast-schema-graph\">{\"@context\":\"https:\/\/schema.org\",\"@graph\":[{\"@type\":\"WebPage\",\"@id\":\"https:\/\/nexusitc.dev\/fr\/foire-aux-questions\/\",\"url\":\"https:\/\/nexusitc.dev\/fr\/foire-aux-questions\/\",\"name\":\"Foire aux Questions | Saprea\",\"isPartOf\":{\"@id\":\"https:\/\/nexusitc.dev\/fr\/#website\"},\"datePublished\":\"2022-02-10T17:57:08+00:00\",\"dateModified\":\"2025-06-05T16:56:56+00:00\",\"description\":\"Voici une liste des questions les plus fr\u00e9quemment pos\u00e9es sur Saprea et sa retraite. Vous ne trouvez pas ce que vous cherchez ? Faites-le nous savoir !\",\"breadcrumb\":{\"@id\":\"https:\/\/nexusitc.dev\/fr\/foire-aux-questions\/#breadcrumb\"},\"inLanguage\":\"fr-FR\",\"potentialAction\":[{\"@type\":\"ReadAction\",\"target\":[\"https:\/\/nexusitc.dev\/fr\/foire-aux-questions\/\"]}]},{\"@type\":\"BreadcrumbList\",\"@id\":\"https:\/\/nexusitc.dev\/fr\/foire-aux-questions\/#breadcrumb\",\"itemListElement\":[{\"@type\":\"ListItem\",\"position\":1,\"name\":\"Home\",\"item\":\"https:\/\/nexusitc.dev\/fr\/page-daccueil-saprea\/\"},{\"@type\":\"ListItem\",\"position\":2,\"name\":\"Foire aux questions\"}]},{\"@type\":\"WebSite\",\"@id\":\"https:\/\/nexusitc.dev\/fr\/#website\",\"url\":\"https:\/\/nexusitc.dev\/fr\/\",\"name\":\"Saprea\",\"description\":\"\",\"publisher\":{\"@id\":\"https:\/\/nexusitc.dev\/fr\/#organization\"},\"potentialAction\":[{\"@type\":\"SearchAction\",\"target\":{\"@type\":\"EntryPoint\",\"urlTemplate\":\"https:\/\/nexusitc.dev\/fr\/?s={search_term_string}\"},\"query-input\":{\"@type\":\"PropertyValueSpecification\",\"valueRequired\":true,\"valueName\":\"search_term_string\"}}],\"inLanguage\":\"fr-FR\"},{\"@type\":\"Organization\",\"@id\":\"https:\/\/nexusitc.dev\/fr\/#organization\",\"name\":\"Saprea\",\"url\":\"https:\/\/nexusitc.dev\/fr\/\",\"logo\":{\"@type\":\"ImageObject\",\"inLanguage\":\"fr-FR\",\"@id\":\"https:\/\/nexusitc.dev\/fr\/#\/schema\/logo\/image\/\",\"url\":\"https:\/\/nexusitc.dev\/wp-content\/uploads\/2021\/12\/Vector-7-1.png\",\"contentUrl\":\"https:\/\/nexusitc.dev\/wp-content\/uploads\/2021\/12\/Vector-7-1.png\",\"width\":106,\"height\":105,\"caption\":\"Saprea\"},\"image\":{\"@id\":\"https:\/\/nexusitc.dev\/fr\/#\/schema\/logo\/image\/\"},\"sameAs\":[\"https:\/\/facebook.com\/saprea.org\",\"https:\/\/x.com\/saprea_org\",\"https:\/\/instagram.com\/youniquefoundation\",\"https:\/\/pinterest.com\/saprea_org\",\"https:\/\/youtube.com\/c\/saprea_org\"]}]}<\/script>\n<!-- \/ Yoast SEO plugin. -->","yoast_head_json":{"title":"Foire aux Questions | Saprea","description":"Voici une liste des questions les plus fr\u00e9quemment pos\u00e9es sur Saprea et sa retraite. Vous ne trouvez pas ce que vous cherchez ? Faites-le nous savoir !","robots":{"index":"index","follow":"follow","max-snippet":"max-snippet:-1","max-image-preview":"max-image-preview:large","max-video-preview":"max-video-preview:-1"},"canonical":"https:\/\/nexusitc.dev\/fr\/foire-aux-questions\/","og_locale":"fr_FR","og_type":"article","og_title":"Foire aux Questions | Saprea","og_description":"Voici une liste des questions les plus fr\u00e9quemment pos\u00e9es sur Saprea et sa retraite. Vous ne trouvez pas ce que vous cherchez ? Faites-le nous savoir !","og_url":"https:\/\/nexusitc.dev\/fr\/foire-aux-questions\/","og_site_name":"Saprea","article_publisher":"https:\/\/facebook.com\/saprea.org","article_modified_time":"2025-06-05T16:56:56+00:00","twitter_card":"summary_large_image","twitter_site":"@saprea_org","twitter_misc":{"Dur\u00e9e de lecture estim\u00e9e":"17 minutes"},"schema":{"@context":"https:\/\/schema.org","@graph":[{"@type":"WebPage","@id":"https:\/\/nexusitc.dev\/fr\/foire-aux-questions\/","url":"https:\/\/nexusitc.dev\/fr\/foire-aux-questions\/","name":"Foire aux Questions | Saprea","isPartOf":{"@id":"https:\/\/nexusitc.dev\/fr\/#website"},"datePublished":"2022-02-10T17:57:08+00:00","dateModified":"2025-06-05T16:56:56+00:00","description":"Voici une liste des questions les plus fr\u00e9quemment pos\u00e9es sur Saprea et sa retraite. Vous ne trouvez pas ce que vous cherchez ? Faites-le nous savoir !","breadcrumb":{"@id":"https:\/\/nexusitc.dev\/fr\/foire-aux-questions\/#breadcrumb"},"inLanguage":"fr-FR","potentialAction":[{"@type":"ReadAction","target":["https:\/\/nexusitc.dev\/fr\/foire-aux-questions\/"]}]},{"@type":"BreadcrumbList","@id":"https:\/\/nexusitc.dev\/fr\/foire-aux-questions\/#breadcrumb","itemListElement":[{"@type":"ListItem","position":1,"name":"Home","item":"https:\/\/nexusitc.dev\/fr\/page-daccueil-saprea\/"},{"@type":"ListItem","position":2,"name":"Foire aux questions"}]},{"@type":"WebSite","@id":"https:\/\/nexusitc.dev\/fr\/#website","url":"https:\/\/nexusitc.dev\/fr\/","name":"Saprea","description":"","publisher":{"@id":"https:\/\/nexusitc.dev\/fr\/#organization"},"potentialAction":[{"@type":"SearchAction","target":{"@type":"EntryPoint","urlTemplate":"https:\/\/nexusitc.dev\/fr\/?s={search_term_string}"},"query-input":{"@type":"PropertyValueSpecification","valueRequired":true,"valueName":"search_term_string"}}],"inLanguage":"fr-FR"},{"@type":"Organization","@id":"https:\/\/nexusitc.dev\/fr\/#organization","name":"Saprea","url":"https:\/\/nexusitc.dev\/fr\/","logo":{"@type":"ImageObject","inLanguage":"fr-FR","@id":"https:\/\/nexusitc.dev\/fr\/#\/schema\/logo\/image\/","url":"https:\/\/nexusitc.dev\/wp-content\/uploads\/2021\/12\/Vector-7-1.png","contentUrl":"https:\/\/nexusitc.dev\/wp-content\/uploads\/2021\/12\/Vector-7-1.png","width":106,"height":105,"caption":"Saprea"},"image":{"@id":"https:\/\/nexusitc.dev\/fr\/#\/schema\/logo\/image\/"},"sameAs":["https:\/\/facebook.com\/saprea.org","https:\/\/x.com\/saprea_org","https:\/\/instagram.com\/youniquefoundation","https:\/\/pinterest.com\/saprea_org","https:\/\/youtube.com\/c\/saprea_org"]}]}},"_links":{"self":[{"href":"https:\/\/nexusitc.dev\/fr\/wp-json\/wp\/v2\/pages\/953","targetHints":{"allow":["GET"]}}],"collection":[{"href":"https:\/\/nexusitc.dev\/fr\/wp-json\/wp\/v2\/pages"}],"about":[{"href":"https:\/\/nexusitc.dev\/fr\/wp-json\/wp\/v2\/types\/page"}],"author":[{"embeddable":true,"href":"https:\/\/nexusitc.dev\/fr\/wp-json\/wp\/v2\/users\/3"}],"replies":[{"embeddable":true,"href":"https:\/\/nexusitc.dev\/fr\/wp-json\/wp\/v2\/comments?post=953"}],"version-history":[{"count":0,"href":"https:\/\/nexusitc.dev\/fr\/wp-json\/wp\/v2\/pages\/953\/revisions"}],"wp:attachment":[{"href":"https:\/\/nexusitc.dev\/fr\/wp-json\/wp\/v2\/media?parent=953"}],"curies":[{"name":"wp","href":"https:\/\/api.w.org\/{rel}","templated":true}]}}